{"id":62,"date":"2021-04-10T01:04:56","date_gmt":"2021-04-09T22:04:56","guid":{"rendered":"http:\/\/www.waldemarstoffel.com\/de\/?page_id=62"},"modified":"2021-04-10T01:05:21","modified_gmt":"2021-04-09T22:05:21","slug":"landschaft","status":"publish","type":"page","link":"http:\/\/www.waldemarstoffel.com\/de\/galerie\/landschaft\/","title":{"rendered":"Landschaft"},"content":{"rendered":"\n<p>Seit 2001 besch\u00e4ftige ich mich wieder mit Landschaftsfotografie. Interessant ist dabei, dass es beinahe unm\u00f6glich geworden ist, Landschaft als solche &#8211; nicht durch den Mensch ver\u00e4ndert &#8211; zu fotografieren.<\/p>\n\n\n\n<div class=\"wp-block-coblocks-gallery-masonry alignwide\"><div class=\"coblocks-gallery has-caption-style-dark has-gutter has-lightbox\"><ul class=\"has-grid-med has-gutter-15 has-gutter-mobile-15\"><li class=\"coblocks-gallery--item\"><figure class=\"coblocks-gallery--figure\"><img loading=\"lazy\" decoding=\"async\" width=\"1000\" height=\"820\" src=\"http:\/\/www.waldemarstoffel.com\/cms\/uploads\/landscape_01.jpg\" alt=\"\" data-id=\"126\" data-imglink=\"\" data-link=\"http:\/\/www.waldemarstoffel.com\/landscape_01\/\" class=\"wp-image-126\" srcset=\"http:\/\/www.waldemarstoffel.com\/cms\/uploads\/landscape_01.jpg 1000w, http:\/\/www.waldemarstoffel.com\/cms\/uploads\/landscape_01-300x246.jpg 300w, http:\/\/www.waldemarstoffel.com\/cms\/uploads\/landscape_01-768x630.jpg 768w\" sizes=\"auto, (max-width: 1000px) 100vw, 1000px\" \/><figcaption class=\"coblocks-gallery--caption\">El Teide, Teneriffa, 2001<\/figcaption><\/figure><\/li><li class=\"coblocks-gallery--item\"><figure class=\"coblocks-gallery--figure\"><img loading=\"lazy\" decoding=\"async\" width=\"738\" height=\"900\" src=\"http:\/\/www.waldemarstoffel.com\/cms\/uploads\/landscape_02.jpg\" alt=\"\" data-id=\"127\" data-imglink=\"\" data-link=\"http:\/\/www.waldemarstoffel.com\/kalmhoutse-hei-belgium\/\" class=\"wp-image-127\" srcset=\"http:\/\/www.waldemarstoffel.com\/cms\/uploads\/landscape_02.jpg 738w, http:\/\/www.waldemarstoffel.com\/cms\/uploads\/landscape_02-246x300.jpg 246w\" sizes=\"auto, (max-width: 738px) 100vw, 738px\" \/><figcaption class=\"coblocks-gallery--caption\">Kalmhoutse Hei, Belgien, 2001<\/figcaption><\/figure><\/li><li class=\"coblocks-gallery--item\"><figure class=\"coblocks-gallery--figure\"><img loading=\"lazy\" decoding=\"async\" width=\"1000\" height=\"820\" src=\"http:\/\/www.waldemarstoffel.com\/cms\/uploads\/landscape_03.jpg\" alt=\"\" data-id=\"128\" data-imglink=\"\" data-link=\"http:\/\/www.waldemarstoffel.com\/kalmhoutse-hei-belgium-2\/\" class=\"wp-image-128\" srcset=\"http:\/\/www.waldemarstoffel.com\/cms\/uploads\/landscape_03.jpg 1000w, http:\/\/www.waldemarstoffel.com\/cms\/uploads\/landscape_03-300x246.jpg 300w, http:\/\/www.waldemarstoffel.com\/cms\/uploads\/landscape_03-768x630.jpg 768w\" sizes=\"auto, (max-width: 1000px) 100vw, 1000px\" \/><figcaption class=\"coblocks-gallery--caption\">Kalmhoutse Hei, Belgien, 2001<\/figcaption><\/figure><\/li><li class=\"coblocks-gallery--item\"><figure class=\"coblocks-gallery--figure\"><img loading=\"lazy\" decoding=\"async\" width=\"1000\" height=\"820\" src=\"http:\/\/www.waldemarstoffel.com\/cms\/uploads\/landscape_04.jpg\" alt=\"\" data-id=\"129\" data-imglink=\"\" data-link=\"http:\/\/www.waldemarstoffel.com\/kalmhoutse-hei-belgium-3\/\" class=\"wp-image-129\" srcset=\"http:\/\/www.waldemarstoffel.com\/cms\/uploads\/landscape_04.jpg 1000w, http:\/\/www.waldemarstoffel.com\/cms\/uploads\/landscape_04-300x246.jpg 300w, http:\/\/www.waldemarstoffel.com\/cms\/uploads\/landscape_04-768x630.jpg 768w\" sizes=\"auto, (max-width: 1000px) 100vw, 1000px\" \/><figcaption class=\"coblocks-gallery--caption\">Kalmhoutse Hei, Belgien, 2002<\/figcaption><\/figure><\/li><li class=\"coblocks-gallery--item\"><figure class=\"coblocks-gallery--figure\"><img loading=\"lazy\" decoding=\"async\" width=\"1000\" height=\"820\" src=\"http:\/\/www.waldemarstoffel.com\/cms\/uploads\/landscape_05.jpg\" alt=\"\" data-id=\"130\" data-imglink=\"\" data-link=\"http:\/\/www.waldemarstoffel.com\/landscape_05\/\" class=\"wp-image-130\" srcset=\"http:\/\/www.waldemarstoffel.com\/cms\/uploads\/landscape_05.jpg 1000w, http:\/\/www.waldemarstoffel.com\/cms\/uploads\/landscape_05-300x246.jpg 300w, http:\/\/www.waldemarstoffel.com\/cms\/uploads\/landscape_05-768x630.jpg 768w\" sizes=\"auto, (max-width: 1000px) 100vw, 1000px\" \/><figcaption class=\"coblocks-gallery--caption\">Taivassalo, Finnland, 2001<\/figcaption><\/figure><\/li><li class=\"coblocks-gallery--item\"><figure class=\"coblocks-gallery--figure\"><img loading=\"lazy\" decoding=\"async\" width=\"1000\" height=\"820\" src=\"http:\/\/www.waldemarstoffel.com\/cms\/uploads\/landscape_06.jpg\" alt=\"\" data-id=\"131\" data-imglink=\"\" data-link=\"http:\/\/www.waldemarstoffel.com\/landscape_06\/\" class=\"wp-image-131\" srcset=\"http:\/\/www.waldemarstoffel.com\/cms\/uploads\/landscape_06.jpg 1000w, http:\/\/www.waldemarstoffel.com\/cms\/uploads\/landscape_06-300x246.jpg 300w, http:\/\/www.waldemarstoffel.com\/cms\/uploads\/landscape_06-768x630.jpg 768w\" sizes=\"auto, (max-width: 1000px) 100vw, 1000px\" \/><figcaption class=\"coblocks-gallery--caption\">Taivassalo, Finnland, 2001<\/figcaption><\/figure><\/li><li class=\"coblocks-gallery--item\"><figure class=\"coblocks-gallery--figure\"><img loading=\"lazy\" decoding=\"async\" width=\"1000\" height=\"820\" src=\"http:\/\/www.waldemarstoffel.com\/cms\/uploads\/landscape_07.jpg\" alt=\"\" data-id=\"132\" data-imglink=\"\" data-link=\"http:\/\/www.waldemarstoffel.com\/le-menec-brittany\/\" class=\"wp-image-132\" srcset=\"http:\/\/www.waldemarstoffel.com\/cms\/uploads\/landscape_07.jpg 1000w, http:\/\/www.waldemarstoffel.com\/cms\/uploads\/landscape_07-300x246.jpg 300w, http:\/\/www.waldemarstoffel.com\/cms\/uploads\/landscape_07-768x630.jpg 768w\" sizes=\"auto, (max-width: 1000px) 100vw, 1000px\" \/><figcaption class=\"coblocks-gallery--caption\">Le M\u00e9nec, Bretagne, 2002<\/figcaption><\/figure><\/li><li class=\"coblocks-gallery--item\"><figure class=\"coblocks-gallery--figure\"><img loading=\"lazy\" decoding=\"async\" width=\"1000\" height=\"820\" src=\"http:\/\/www.waldemarstoffel.com\/cms\/uploads\/landscape_08.jpg\" alt=\"\" data-id=\"133\" data-imglink=\"\" data-link=\"http:\/\/www.waldemarstoffel.com\/plouharnel-brittany\/\" class=\"wp-image-133\" srcset=\"http:\/\/www.waldemarstoffel.com\/cms\/uploads\/landscape_08.jpg 1000w, http:\/\/www.waldemarstoffel.com\/cms\/uploads\/landscape_08-300x246.jpg 300w, http:\/\/www.waldemarstoffel.com\/cms\/uploads\/landscape_08-768x630.jpg 768w\" sizes=\"auto, (max-width: 1000px) 100vw, 1000px\" \/><figcaption class=\"coblocks-gallery--caption\">Plouharnel, Bretagne, 2002<\/figcaption><\/figure><\/li><li class=\"coblocks-gallery--item\"><figure class=\"coblocks-gallery--figure\"><img loading=\"lazy\" decoding=\"async\" width=\"1000\" height=\"820\" src=\"http:\/\/www.waldemarstoffel.com\/cms\/uploads\/landscape_09.jpg\" alt=\"\" data-id=\"134\" data-imglink=\"\" data-link=\"http:\/\/www.waldemarstoffel.com\/plouharnel-brittany-2\/\" class=\"wp-image-134\" srcset=\"http:\/\/www.waldemarstoffel.com\/cms\/uploads\/landscape_09.jpg 1000w, http:\/\/www.waldemarstoffel.com\/cms\/uploads\/landscape_09-300x246.jpg 300w, http:\/\/www.waldemarstoffel.com\/cms\/uploads\/landscape_09-768x630.jpg 768w\" sizes=\"auto, (max-width: 1000px) 100vw, 1000px\" \/><figcaption class=\"coblocks-gallery--caption\">Plouharnel, Bretagne, 2003<\/figcaption><\/figure><\/li><li class=\"coblocks-gallery--item\"><figure class=\"coblocks-gallery--figure\"><img loading=\"lazy\" decoding=\"async\" width=\"738\" height=\"900\" src=\"http:\/\/www.waldemarstoffel.com\/cms\/uploads\/landscape_10.jpg\" alt=\"\" data-id=\"135\" data-imglink=\"\" data-link=\"http:\/\/www.waldemarstoffel.com\/st-pierre-de-quiberon-brittany\/\" class=\"wp-image-135\" srcset=\"http:\/\/www.waldemarstoffel.com\/cms\/uploads\/landscape_10.jpg 738w, http:\/\/www.waldemarstoffel.com\/cms\/uploads\/landscape_10-246x300.jpg 246w\" sizes=\"auto, (max-width: 738px) 100vw, 738px\" \/><figcaption class=\"coblocks-gallery--caption\">St. Pierre de Quiberon, Bretagne, 2003<\/figcaption><\/figure><\/li><li class=\"coblocks-gallery--item\"><figure class=\"coblocks-gallery--figure\"><img loading=\"lazy\" decoding=\"async\" width=\"1000\" height=\"820\" src=\"http:\/\/www.waldemarstoffel.com\/cms\/uploads\/landscape_11.jpg\" alt=\"\" data-id=\"136\" data-imglink=\"\" data-link=\"http:\/\/www.waldemarstoffel.com\/st-pierre-de-quiberon-brittany-2\/\" class=\"wp-image-136\" srcset=\"http:\/\/www.waldemarstoffel.com\/cms\/uploads\/landscape_11.jpg 1000w, http:\/\/www.waldemarstoffel.com\/cms\/uploads\/landscape_11-300x246.jpg 300w, http:\/\/www.waldemarstoffel.com\/cms\/uploads\/landscape_11-768x630.jpg 768w\" sizes=\"auto, (max-width: 1000px) 100vw, 1000px\" \/><figcaption class=\"coblocks-gallery--caption\">St. Pierre de Quiberon, Bretagne, 2003<\/figcaption><\/figure><\/li><li class=\"coblocks-gallery--item\"><figure class=\"coblocks-gallery--figure\"><img loading=\"lazy\" decoding=\"async\" width=\"1000\" height=\"820\" src=\"http:\/\/www.waldemarstoffel.com\/cms\/uploads\/landscape_12.jpg\" alt=\"\" data-id=\"137\" data-imglink=\"\" data-link=\"http:\/\/www.waldemarstoffel.com\/kerat-brittany\/\" class=\"wp-image-137\" srcset=\"http:\/\/www.waldemarstoffel.com\/cms\/uploads\/landscape_12.jpg 1000w, http:\/\/www.waldemarstoffel.com\/cms\/uploads\/landscape_12-300x246.jpg 300w, http:\/\/www.waldemarstoffel.com\/cms\/uploads\/landscape_12-768x630.jpg 768w\" sizes=\"auto, (max-width: 1000px) 100vw, 1000px\" \/><figcaption class=\"coblocks-gallery--caption\">Kerat, Bretagne, 2003<\/figcaption><\/figure><\/li><li class=\"coblocks-gallery--item\"><figure class=\"coblocks-gallery--figure\"><img loading=\"lazy\" decoding=\"async\" width=\"1000\" height=\"820\" src=\"http:\/\/www.waldemarstoffel.com\/cms\/uploads\/landscape_13.jpg\" alt=\"\" data-id=\"138\" data-imglink=\"\" data-link=\"http:\/\/www.waldemarstoffel.com\/kerdelam-brittany\/\" class=\"wp-image-138\" srcset=\"http:\/\/www.waldemarstoffel.com\/cms\/uploads\/landscape_13.jpg 1000w, http:\/\/www.waldemarstoffel.com\/cms\/uploads\/landscape_13-300x246.jpg 300w, http:\/\/www.waldemarstoffel.com\/cms\/uploads\/landscape_13-768x630.jpg 768w\" sizes=\"auto, (max-width: 1000px) 100vw, 1000px\" \/><figcaption class=\"coblocks-gallery--caption\">Kerdelam, Bretagne, 2003<\/figcaption><\/figure><\/li><li class=\"coblocks-gallery--item\"><figure class=\"coblocks-gallery--figure\"><img loading=\"lazy\" decoding=\"async\" width=\"1000\" height=\"820\" src=\"http:\/\/www.waldemarstoffel.com\/cms\/uploads\/zompf_08.jpg\" alt=\"\" data-id=\"139\" data-imglink=\"\" data-link=\"http:\/\/www.waldemarstoffel.com\/le-conquet-brittany\/\" class=\"wp-image-139\" srcset=\"http:\/\/www.waldemarstoffel.com\/cms\/uploads\/zompf_08.jpg 1000w, http:\/\/www.waldemarstoffel.com\/cms\/uploads\/zompf_08-300x246.jpg 300w, http:\/\/www.waldemarstoffel.com\/cms\/uploads\/zompf_08-768x630.jpg 768w\" sizes=\"auto, (max-width: 1000px) 100vw, 1000px\" \/><figcaption class=\"coblocks-gallery--caption\">Le Conquet, Bretagne, 2003<\/figcaption><\/figure><\/li><\/ul><\/div><\/div>\n","protected":false},"excerpt":{"rendered":"<p>Seit 2001 besch\u00e4ftige ich mich wieder mit Landschaftsfotografie. Interessant ist dabei, dass es beinahe unm\u00f6glich geworden ist, Landschaft als solche &#8211; nicht durch den Mensch ver\u00e4ndert &#8211; zu fotografieren.<\/p>\n","protected":false},"author":8966,"featured_media":0,"parent":26,"menu_order":9,"comment_status":"closed","ping_status":"closed","template":"","meta":{"_coblocks_attr":"","_coblocks_dimensions":"","_coblocks_responsive_height":"","_coblocks_accordion_ie_support":"","footnotes":""},"class_list":["post-62","page","type-page","status-publish","hentry"],"_links":{"self":[{"href":"http:\/\/www.waldemarstoffel.com\/de\/wp-json\/wp\/v2\/pages\/62","targetHints":{"allow":["GET"]}}],"collection":[{"href":"http:\/\/www.waldemarstoffel.com\/de\/wp-json\/wp\/v2\/pages"}],"about":[{"href":"http:\/\/www.waldemarstoffel.com\/de\/wp-json\/wp\/v2\/types\/page"}],"author":[{"embeddable":true,"href":"http:\/\/www.waldemarstoffel.com\/de\/wp-json\/wp\/v2\/users\/8966"}],"replies":[{"embeddable":true,"href":"http:\/\/www.waldemarstoffel.com\/de\/wp-json\/wp\/v2\/comments?post=62"}],"version-history":[{"count":2,"href":"http:\/\/www.waldemarstoffel.com\/de\/wp-json\/wp\/v2\/pages\/62\/revisions"}],"predecessor-version":[{"id":65,"href":"http:\/\/www.waldemarstoffel.com\/de\/wp-json\/wp\/v2\/pages\/62\/revisions\/65"}],"up":[{"embeddable":true,"href":"http:\/\/www.waldemarstoffel.com\/de\/wp-json\/wp\/v2\/pages\/26"}],"wp:attachment":[{"href":"http:\/\/www.waldemarstoffel.com\/de\/wp-json\/wp\/v2\/media?parent=62"}],"curies":[{"name":"wp","href":"https:\/\/api.w.org\/{rel}","templated":true}]}}