{"id":67,"date":"2021-04-10T02:04:00","date_gmt":"2021-04-09T23:04:00","guid":{"rendered":"http:\/\/www.waldemarstoffel.com\/de\/?page_id=67"},"modified":"2021-04-10T02:57:43","modified_gmt":"2021-04-09T23:57:43","slug":"architektur","status":"publish","type":"page","link":"http:\/\/www.waldemarstoffel.com\/de\/galerie\/architektur\/","title":{"rendered":"Architektur"},"content":{"rendered":"\n<p>Das f\u00fcr mich Wichtige bei dieser Werkgruppe ist weniger eine Bestandsaufnahme, als ein reflektierendes Betrachten. Besonders im allt\u00e4glichen Bereich haben bestimmte Jahrzehnte bestimmte architektonische Visionen hervorgebracht.<\/p>\n\n\n\n<p>Schon in fr\u00fcheren Arbeiten haben mich diese Visionen besch\u00e4ftigt. Die Arbeiten hier sind ab 2001 entstanden.<\/p>\n\n\n\n<div class=\"wp-block-coblocks-gallery-masonry alignwide\"><div class=\"coblocks-gallery has-caption-style-dark has-gutter has-lightbox\"><ul class=\"has-grid-med has-gutter-15 has-gutter-mobile-15\"><li class=\"coblocks-gallery--item\"><figure class=\"coblocks-gallery--figure\"><img loading=\"lazy\" decoding=\"async\" width=\"738\" height=\"900\" src=\"http:\/\/www.waldemarstoffel.com\/cms\/uploads\/architecture_01.jpg\" alt=\"\" data-id=\"143\" data-imglink=\"\" data-link=\"http:\/\/www.waldemarstoffel.com\/academy-santa-cruz-de-tenerife\/\" class=\"wp-image-143\" srcset=\"http:\/\/www.waldemarstoffel.com\/cms\/uploads\/architecture_01.jpg 738w, http:\/\/www.waldemarstoffel.com\/cms\/uploads\/architecture_01-246x300.jpg 246w\" sizes=\"auto, (max-width: 738px) 100vw, 738px\" \/><figcaption class=\"coblocks-gallery--caption\">Kunstakademie, Santa Cruz de Tenerife, 2001<\/figcaption><\/figure><\/li><li class=\"coblocks-gallery--item\"><figure class=\"coblocks-gallery--figure\"><img loading=\"lazy\" decoding=\"async\" width=\"1000\" height=\"820\" src=\"http:\/\/www.waldemarstoffel.com\/cms\/uploads\/architecture_02.jpg\" alt=\"\" data-id=\"144\" data-imglink=\"\" data-link=\"http:\/\/www.waldemarstoffel.com\/academy-santa-cruz-de-tenerife-2\/\" class=\"wp-image-144\" srcset=\"http:\/\/www.waldemarstoffel.com\/cms\/uploads\/architecture_02.jpg 1000w, http:\/\/www.waldemarstoffel.com\/cms\/uploads\/architecture_02-300x246.jpg 300w, http:\/\/www.waldemarstoffel.com\/cms\/uploads\/architecture_02-768x630.jpg 768w\" sizes=\"auto, (max-width: 1000px) 100vw, 1000px\" \/><figcaption class=\"coblocks-gallery--caption\">Kunstakademie, Santa Cruz de Tenerife, 2001<\/figcaption><\/figure><\/li><li class=\"coblocks-gallery--item\"><figure class=\"coblocks-gallery--figure\"><img loading=\"lazy\" decoding=\"async\" width=\"1000\" height=\"820\" src=\"http:\/\/www.waldemarstoffel.com\/cms\/uploads\/architecture_03.jpg\" alt=\"\" data-id=\"145\" data-imglink=\"\" data-link=\"http:\/\/www.waldemarstoffel.com\/santa-cruz-de-tenerife\/\" class=\"wp-image-145\" srcset=\"http:\/\/www.waldemarstoffel.com\/cms\/uploads\/architecture_03.jpg 1000w, http:\/\/www.waldemarstoffel.com\/cms\/uploads\/architecture_03-300x246.jpg 300w, http:\/\/www.waldemarstoffel.com\/cms\/uploads\/architecture_03-768x630.jpg 768w\" sizes=\"auto, (max-width: 1000px) 100vw, 1000px\" \/><figcaption class=\"coblocks-gallery--caption\">Wohnblock, Santa Cruz de Tenerife, 2001<\/figcaption><\/figure><\/li><li class=\"coblocks-gallery--item\"><figure class=\"coblocks-gallery--figure\"><img loading=\"lazy\" decoding=\"async\" width=\"1000\" height=\"820\" src=\"http:\/\/www.waldemarstoffel.com\/cms\/uploads\/architecture_04.jpg\" alt=\"\" data-id=\"146\" data-imglink=\"\" data-link=\"http:\/\/www.waldemarstoffel.com\/refinery-santa-cruz-de-tenerife\/\" class=\"wp-image-146\" srcset=\"http:\/\/www.waldemarstoffel.com\/cms\/uploads\/architecture_04.jpg 1000w, http:\/\/www.waldemarstoffel.com\/cms\/uploads\/architecture_04-300x246.jpg 300w, http:\/\/www.waldemarstoffel.com\/cms\/uploads\/architecture_04-768x630.jpg 768w\" sizes=\"auto, (max-width: 1000px) 100vw, 1000px\" \/><figcaption class=\"coblocks-gallery--caption\">Raffinerie, Santa Cruz de Tenerife, 2001<\/figcaption><\/figure><\/li><li class=\"coblocks-gallery--item\"><figure class=\"coblocks-gallery--figure\"><img loading=\"lazy\" decoding=\"async\" width=\"1000\" height=\"820\" src=\"http:\/\/www.waldemarstoffel.com\/cms\/uploads\/architecture_05.jpg\" alt=\"\" data-id=\"147\" data-imglink=\"\" data-link=\"http:\/\/www.waldemarstoffel.com\/academy-turku\/\" class=\"wp-image-147\" srcset=\"http:\/\/www.waldemarstoffel.com\/cms\/uploads\/architecture_05.jpg 1000w, http:\/\/www.waldemarstoffel.com\/cms\/uploads\/architecture_05-300x246.jpg 300w, http:\/\/www.waldemarstoffel.com\/cms\/uploads\/architecture_05-768x630.jpg 768w\" sizes=\"auto, (max-width: 1000px) 100vw, 1000px\" \/><figcaption class=\"coblocks-gallery--caption\">Kunstakademie, Turku, 2001<\/figcaption><\/figure><\/li><li class=\"coblocks-gallery--item\"><figure class=\"coblocks-gallery--figure\"><img loading=\"lazy\" decoding=\"async\" width=\"1000\" height=\"820\" src=\"http:\/\/www.waldemarstoffel.com\/cms\/uploads\/architecture_06.jpg\" alt=\"\" data-id=\"148\" data-imglink=\"\" data-link=\"http:\/\/www.waldemarstoffel.com\/academy-turku-2\/\" class=\"wp-image-148\" srcset=\"http:\/\/www.waldemarstoffel.com\/cms\/uploads\/architecture_06.jpg 1000w, http:\/\/www.waldemarstoffel.com\/cms\/uploads\/architecture_06-300x246.jpg 300w, http:\/\/www.waldemarstoffel.com\/cms\/uploads\/architecture_06-768x630.jpg 768w\" sizes=\"auto, (max-width: 1000px) 100vw, 1000px\" \/><figcaption class=\"coblocks-gallery--caption\">Kunstakademie, Turku, 2001<\/figcaption><\/figure><\/li><li class=\"coblocks-gallery--item\"><figure class=\"coblocks-gallery--figure\"><img loading=\"lazy\" decoding=\"async\" width=\"1000\" height=\"820\" src=\"http:\/\/www.waldemarstoffel.com\/cms\/uploads\/architecture_07.jpg\" alt=\"\" data-id=\"149\" data-imglink=\"\" data-link=\"http:\/\/www.waldemarstoffel.com\/academy-turku-3\/\" class=\"wp-image-149\" srcset=\"http:\/\/www.waldemarstoffel.com\/cms\/uploads\/architecture_07.jpg 1000w, http:\/\/www.waldemarstoffel.com\/cms\/uploads\/architecture_07-300x246.jpg 300w, http:\/\/www.waldemarstoffel.com\/cms\/uploads\/architecture_07-768x630.jpg 768w\" sizes=\"auto, (max-width: 1000px) 100vw, 1000px\" \/><figcaption class=\"coblocks-gallery--caption\">Kunstakademie, Turku, 2001<\/figcaption><\/figure><\/li><li class=\"coblocks-gallery--item\"><figure class=\"coblocks-gallery--figure\"><img loading=\"lazy\" decoding=\"async\" width=\"1000\" height=\"820\" src=\"http:\/\/www.waldemarstoffel.com\/cms\/uploads\/architecture_08.jpg\" alt=\"\" data-id=\"150\" data-imglink=\"\" data-link=\"http:\/\/www.waldemarstoffel.com\/working-class-houses-turku\/\" class=\"wp-image-150\" srcset=\"http:\/\/www.waldemarstoffel.com\/cms\/uploads\/architecture_08.jpg 1000w, http:\/\/www.waldemarstoffel.com\/cms\/uploads\/architecture_08-300x246.jpg 300w, http:\/\/www.waldemarstoffel.com\/cms\/uploads\/architecture_08-768x630.jpg 768w\" sizes=\"auto, (max-width: 1000px) 100vw, 1000px\" \/><figcaption class=\"coblocks-gallery--caption\">Mestarinkatu, Turku, 2001<\/figcaption><\/figure><\/li><li class=\"coblocks-gallery--item\"><figure class=\"coblocks-gallery--figure\"><img loading=\"lazy\" decoding=\"async\" width=\"738\" height=\"900\" src=\"http:\/\/www.waldemarstoffel.com\/cms\/uploads\/architecture_09.jpg\" alt=\"\" data-id=\"151\" data-imglink=\"\" data-link=\"http:\/\/www.waldemarstoffel.com\/kop-kolmio-turku\/\" class=\"wp-image-151\" srcset=\"http:\/\/www.waldemarstoffel.com\/cms\/uploads\/architecture_09.jpg 738w, http:\/\/www.waldemarstoffel.com\/cms\/uploads\/architecture_09-246x300.jpg 246w\" sizes=\"auto, (max-width: 738px) 100vw, 738px\" \/><figcaption class=\"coblocks-gallery--caption\">KOP Kolmio, Turku, 2001<\/figcaption><\/figure><\/li><li class=\"coblocks-gallery--item\"><figure class=\"coblocks-gallery--figure\"><img loading=\"lazy\" decoding=\"async\" width=\"738\" height=\"900\" src=\"http:\/\/www.waldemarstoffel.com\/cms\/uploads\/architecture_10.jpg\" alt=\"\" data-id=\"152\" data-imglink=\"\" data-link=\"http:\/\/www.waldemarstoffel.com\/tonttumaki-turku\/\" class=\"wp-image-152\" srcset=\"http:\/\/www.waldemarstoffel.com\/cms\/uploads\/architecture_10.jpg 738w, http:\/\/www.waldemarstoffel.com\/cms\/uploads\/architecture_10-246x300.jpg 246w\" sizes=\"auto, (max-width: 738px) 100vw, 738px\" \/><figcaption class=\"coblocks-gallery--caption\">Tonttum\u00e4ki, Turku, 2001<\/figcaption><\/figure><\/li><li class=\"coblocks-gallery--item\"><figure class=\"coblocks-gallery--figure\"><img loading=\"lazy\" decoding=\"async\" width=\"1000\" height=\"820\" src=\"http:\/\/www.waldemarstoffel.com\/cms\/uploads\/architecture_11.jpg\" alt=\"\" data-id=\"153\" data-imglink=\"\" data-link=\"http:\/\/www.waldemarstoffel.com\/lobroekdok-antwerp-2001\/\" class=\"wp-image-153\" srcset=\"http:\/\/www.waldemarstoffel.com\/cms\/uploads\/architecture_11.jpg 1000w, http:\/\/www.waldemarstoffel.com\/cms\/uploads\/architecture_11-300x246.jpg 300w, http:\/\/www.waldemarstoffel.com\/cms\/uploads\/architecture_11-768x630.jpg 768w\" sizes=\"auto, (max-width: 1000px) 100vw, 1000px\" \/><figcaption class=\"coblocks-gallery--caption\">Lobroekdok, Antwerpen, 2001<\/figcaption><\/figure><\/li><li class=\"coblocks-gallery--item\"><figure class=\"coblocks-gallery--figure\"><img loading=\"lazy\" decoding=\"async\" width=\"1000\" height=\"820\" src=\"http:\/\/www.waldemarstoffel.com\/cms\/uploads\/architecture_12.jpg\" alt=\"\" data-id=\"154\" data-imglink=\"\" data-link=\"http:\/\/www.waldemarstoffel.com\/old-cinema-etel\/\" class=\"wp-image-154\" srcset=\"http:\/\/www.waldemarstoffel.com\/cms\/uploads\/architecture_12.jpg 1000w, http:\/\/www.waldemarstoffel.com\/cms\/uploads\/architecture_12-300x246.jpg 300w, http:\/\/www.waldemarstoffel.com\/cms\/uploads\/architecture_12-768x630.jpg 768w\" sizes=\"auto, (max-width: 1000px) 100vw, 1000px\" \/><figcaption class=\"coblocks-gallery--caption\">Verlassenes Kino, Etel, Bretagne, 2002<\/figcaption><\/figure><\/li><li class=\"coblocks-gallery--item\"><figure class=\"coblocks-gallery--figure\"><img loading=\"lazy\" decoding=\"async\" width=\"738\" height=\"900\" src=\"http:\/\/www.waldemarstoffel.com\/cms\/uploads\/architecture_13.jpg\" alt=\"\" data-id=\"155\" data-imglink=\"\" data-link=\"http:\/\/www.waldemarstoffel.com\/nanterre\/\" class=\"wp-image-155\" srcset=\"http:\/\/www.waldemarstoffel.com\/cms\/uploads\/architecture_13.jpg 738w, http:\/\/www.waldemarstoffel.com\/cms\/uploads\/architecture_13-246x300.jpg 246w\" sizes=\"auto, (max-width: 738px) 100vw, 738px\" \/><figcaption class=\"coblocks-gallery--caption\">Nanterre, 2002<\/figcaption><\/figure><\/li><li class=\"coblocks-gallery--item\"><figure class=\"coblocks-gallery--figure\"><img loading=\"lazy\" decoding=\"async\" width=\"1000\" height=\"820\" src=\"http:\/\/www.waldemarstoffel.com\/cms\/uploads\/architecture_14.jpg\" alt=\"\" data-id=\"156\" data-imglink=\"\" data-link=\"http:\/\/www.waldemarstoffel.com\/nanterre-2\/\" class=\"wp-image-156\" srcset=\"http:\/\/www.waldemarstoffel.com\/cms\/uploads\/architecture_14.jpg 1000w, http:\/\/www.waldemarstoffel.com\/cms\/uploads\/architecture_14-300x246.jpg 300w, http:\/\/www.waldemarstoffel.com\/cms\/uploads\/architecture_14-768x630.jpg 768w\" sizes=\"auto, (max-width: 1000px) 100vw, 1000px\" \/><figcaption class=\"coblocks-gallery--caption\">Nanterre, 2002<\/figcaption><\/figure><\/li><li class=\"coblocks-gallery--item\"><figure class=\"coblocks-gallery--figure\"><img loading=\"lazy\" decoding=\"async\" width=\"1000\" height=\"820\" src=\"http:\/\/www.waldemarstoffel.com\/cms\/uploads\/architecture_15.jpg\" alt=\"\" data-id=\"157\" data-imglink=\"\" data-link=\"http:\/\/www.waldemarstoffel.com\/university-regensburg\/\" class=\"wp-image-157\" srcset=\"http:\/\/www.waldemarstoffel.com\/cms\/uploads\/architecture_15.jpg 1000w, http:\/\/www.waldemarstoffel.com\/cms\/uploads\/architecture_15-300x246.jpg 300w, http:\/\/www.waldemarstoffel.com\/cms\/uploads\/architecture_15-768x630.jpg 768w\" sizes=\"auto, (max-width: 1000px) 100vw, 1000px\" \/><figcaption class=\"coblocks-gallery--caption\">Universit\u00e4t, Regensburg, 2002<\/figcaption><\/figure><\/li><li class=\"coblocks-gallery--item\"><figure class=\"coblocks-gallery--figure\"><img loading=\"lazy\" decoding=\"async\" width=\"1000\" height=\"820\" src=\"http:\/\/www.waldemarstoffel.com\/cms\/uploads\/architecture_16.jpg\" alt=\"\" data-id=\"158\" data-imglink=\"\" data-link=\"http:\/\/www.waldemarstoffel.com\/university-regensburg-2\/\" class=\"wp-image-158\" srcset=\"http:\/\/www.waldemarstoffel.com\/cms\/uploads\/architecture_16.jpg 1000w, http:\/\/www.waldemarstoffel.com\/cms\/uploads\/architecture_16-300x246.jpg 300w, http:\/\/www.waldemarstoffel.com\/cms\/uploads\/architecture_16-768x630.jpg 768w\" sizes=\"auto, (max-width: 1000px) 100vw, 1000px\" \/><figcaption class=\"coblocks-gallery--caption\">Universit\u00e4t, Regensburg, 2002<\/figcaption><\/figure><\/li><\/ul><\/div><\/div>\n","protected":false},"excerpt":{"rendered":"<p>Das f\u00fcr mich Wichtige bei dieser Werkgruppe ist weniger eine Bestandsaufnahme, als ein reflektierendes Betrachten. Besonders im allt\u00e4glichen Bereich haben bestimmte Jahrzehnte bestimmte architektonische Visionen hervorgebracht. Schon in fr\u00fcheren Arbeiten haben mich diese Visionen besch\u00e4ftigt. Die Arbeiten hier sind ab 2001 entstanden.<\/p>\n","protected":false},"author":8966,"featured_media":0,"parent":26,"menu_order":10,"comment_status":"closed","ping_status":"closed","template":"","meta":{"_coblocks_attr":"","_coblocks_dimensions":"","_coblocks_responsive_height":"","_coblocks_accordion_ie_support":"","footnotes":""},"class_list":["post-67","page","type-page","status-publish","hentry"],"_links":{"self":[{"href":"http:\/\/www.waldemarstoffel.com\/de\/wp-json\/wp\/v2\/pages\/67","targetHints":{"allow":["GET"]}}],"collection":[{"href":"http:\/\/www.waldemarstoffel.com\/de\/wp-json\/wp\/v2\/pages"}],"about":[{"href":"http:\/\/www.waldemarstoffel.com\/de\/wp-json\/wp\/v2\/types\/page"}],"author":[{"embeddable":true,"href":"http:\/\/www.waldemarstoffel.com\/de\/wp-json\/wp\/v2\/users\/8966"}],"replies":[{"embeddable":true,"href":"http:\/\/www.waldemarstoffel.com\/de\/wp-json\/wp\/v2\/comments?post=67"}],"version-history":[{"count":2,"href":"http:\/\/www.waldemarstoffel.com\/de\/wp-json\/wp\/v2\/pages\/67\/revisions"}],"predecessor-version":[{"id":71,"href":"http:\/\/www.waldemarstoffel.com\/de\/wp-json\/wp\/v2\/pages\/67\/revisions\/71"}],"up":[{"embeddable":true,"href":"http:\/\/www.waldemarstoffel.com\/de\/wp-json\/wp\/v2\/pages\/26"}],"wp:attachment":[{"href":"http:\/\/www.waldemarstoffel.com\/de\/wp-json\/wp\/v2\/media?parent=67"}],"curies":[{"name":"wp","href":"https:\/\/api.w.org\/{rel}","templated":true}]}}