{"id":85,"date":"2021-04-11T21:38:28","date_gmt":"2021-04-11T18:38:28","guid":{"rendered":"http:\/\/www.waldemarstoffel.com\/de\/?page_id=85"},"modified":"2021-04-11T23:08:04","modified_gmt":"2021-04-11T20:08:04","slug":"mzlf","status":"publish","type":"page","link":"http:\/\/www.waldemarstoffel.com\/de\/galerie\/mzlf\/","title":{"rendered":"MZLF"},"content":{"rendered":"\n<div class=\"wp-block-columns is-layout-flex wp-container-core-columns-is-layout-28f84493 wp-block-columns-is-layout-flex\">\n<div class=\"wp-block-column is-layout-flow wp-block-column-is-layout-flow\">\n<figure class=\"wp-block-image size-large has-lightbox\"><img loading=\"lazy\" decoding=\"async\" width=\"1024\" height=\"724\" src=\"http:\/\/www.waldemarstoffel.com\/cms\/uploads\/mzlf_01-1024x724.jpg\" alt=\"\" class=\"wp-image-222\" srcset=\"http:\/\/www.waldemarstoffel.com\/cms\/uploads\/mzlf_01-1024x724.jpg 1024w, http:\/\/www.waldemarstoffel.com\/cms\/uploads\/mzlf_01-300x212.jpg 300w, http:\/\/www.waldemarstoffel.com\/cms\/uploads\/mzlf_01-768x543.jpg 768w, http:\/\/www.waldemarstoffel.com\/cms\/uploads\/mzlf_01.jpg 1114w\" sizes=\"auto, (max-width: 1024px) 100vw, 1024px\" \/><figcaption>Beitrag zur Ausstellung &#8222;Free Martin Zet! &#8220; in Bialystok<\/figcaption><\/figure>\n<\/div>\n\n\n\n<div class=\"wp-block-column is-layout-flow wp-block-column-is-layout-flow\">\n<p style=\"font-size:clamp(14px, 0.875rem + ((1vw - 3.2px) * 0.455), 18px);px\">Die MZLF (Martin Zet Liberation Front) wurde 2003 durch den ehrenwerten General H\u00f2-Xing W\u00e2 gegr\u00fcndet, weil der Freiheitskampf f\u00fcr <span style=\"text-decoration: underline;\"><\/span>Martin Zet schon seit Jahren erfolglos andauerte. General H\u00f2 entschied in einer Grundsatzrede, dass &#8222;<em>wo der Kampf f\u00fcr Freiheit mit legalen Mitteln nicht gef\u00fchrt werden kann, [&#8230;] es notwending [ist] in den Untergrund zu gehen.<\/em>&#8222;<\/p>\n\n\n\n<p style=\"font-size:clamp(14px, 0.875rem + ((1vw - 3.2px) * 0.455), 18px);px\">Das Bild zeigt General H\u00f2 w\u00e4hrend einer Demonstration der St\u00e4rke der MZLF.<\/p>\n<\/div>\n<\/div>\n","protected":false},"excerpt":{"rendered":"<p>Die MZLF (Martin Zet Liberation Front) wurde 2003 durch den ehrenwerten General H\u00f2-Xing W\u00e2 gegr\u00fcndet, weil der Freiheitskampf f\u00fcr Martin Zet schon seit Jahren erfolglos andauerte. General H\u00f2 entschied in einer Grundsatzrede, dass &#8222;wo der Kampf f\u00fcr Freiheit mit legalen Mitteln nicht gef\u00fchrt werden kann, [&#8230;] es notwending [ist] in den Untergrund zu gehen.&#8222; Das [&hellip;]<\/p>\n","protected":false},"author":8966,"featured_media":0,"parent":26,"menu_order":14,"comment_status":"closed","ping_status":"closed","template":"","meta":{"_coblocks_attr":"","_coblocks_dimensions":"","_coblocks_responsive_height":"","_coblocks_accordion_ie_support":"","footnotes":""},"class_list":["post-85","page","type-page","status-publish","hentry"],"_links":{"self":[{"href":"http:\/\/www.waldemarstoffel.com\/de\/wp-json\/wp\/v2\/pages\/85","targetHints":{"allow":["GET"]}}],"collection":[{"href":"http:\/\/www.waldemarstoffel.com\/de\/wp-json\/wp\/v2\/pages"}],"about":[{"href":"http:\/\/www.waldemarstoffel.com\/de\/wp-json\/wp\/v2\/types\/page"}],"author":[{"embeddable":true,"href":"http:\/\/www.waldemarstoffel.com\/de\/wp-json\/wp\/v2\/users\/8966"}],"replies":[{"embeddable":true,"href":"http:\/\/www.waldemarstoffel.com\/de\/wp-json\/wp\/v2\/comments?post=85"}],"version-history":[{"count":3,"href":"http:\/\/www.waldemarstoffel.com\/de\/wp-json\/wp\/v2\/pages\/85\/revisions"}],"predecessor-version":[{"id":90,"href":"http:\/\/www.waldemarstoffel.com\/de\/wp-json\/wp\/v2\/pages\/85\/revisions\/90"}],"up":[{"embeddable":true,"href":"http:\/\/www.waldemarstoffel.com\/de\/wp-json\/wp\/v2\/pages\/26"}],"wp:attachment":[{"href":"http:\/\/www.waldemarstoffel.com\/de\/wp-json\/wp\/v2\/media?parent=85"}],"curies":[{"name":"wp","href":"https:\/\/api.w.org\/{rel}","templated":true}]}}