{"id":110,"date":"2021-04-12T10:06:29","date_gmt":"2021-04-12T09:06:29","guid":{"rendered":"http:\/\/www.waldemarstoffel.com\/fr\/?page_id=110"},"modified":"2021-04-12T10:06:59","modified_gmt":"2021-04-12T09:06:59","slug":"herbarium-ii","status":"publish","type":"page","link":"http:\/\/www.waldemarstoffel.com\/fr\/galerie\/herbarium-ii\/","title":{"rendered":"Herbarium II"},"content":{"rendered":"\n<p>S\u00e9rie de bo\u00eetes de lumi\u00e8re qui a \u00e9t\u00e9 cr\u00e9\u00e9e en m\u00eame temps que les transferts d\u2019image d\u2019Herbarium I<\/p>\n\n\n\n<p>Mesures: 103 x 130 x 30 cm<\/p>\n\n\n\n<div class=\"wp-block-coblocks-gallery-masonry alignwide\"><div class=\"coblocks-gallery has-caption-style-dark has-gutter has-lightbox\"><ul class=\"has-grid-lrg has-gutter-15 has-gutter-mobile-15\"><li class=\"coblocks-gallery--item\"><figure class=\"coblocks-gallery--figure\"><img loading=\"lazy\" decoding=\"async\" width=\"720\" height=\"900\" src=\"http:\/\/www.waldemarstoffel.com\/cms\/uploads\/herbarium-II_01.jpg\" alt=\"\" data-id=\"296\" data-imglink=\"\" data-link=\"http:\/\/www.waldemarstoffel.com\/herbarium-ii\/\" class=\"wp-image-296\" srcset=\"http:\/\/www.waldemarstoffel.com\/cms\/uploads\/herbarium-II_01.jpg 720w, http:\/\/www.waldemarstoffel.com\/cms\/uploads\/herbarium-II_01-240x300.jpg 240w\" sizes=\"auto, (max-width: 720px) 100vw, 720px\" \/><\/figure><\/li><li class=\"coblocks-gallery--item\"><figure class=\"coblocks-gallery--figure\"><img loading=\"lazy\" decoding=\"async\" width=\"720\" height=\"900\" src=\"http:\/\/www.waldemarstoffel.com\/cms\/uploads\/herbarium-II_02.jpg\" alt=\"\" data-id=\"297\" data-imglink=\"\" data-link=\"http:\/\/www.waldemarstoffel.com\/herbarium-ii-2\/\" class=\"wp-image-297\" srcset=\"http:\/\/www.waldemarstoffel.com\/cms\/uploads\/herbarium-II_02.jpg 720w, http:\/\/www.waldemarstoffel.com\/cms\/uploads\/herbarium-II_02-240x300.jpg 240w\" sizes=\"auto, (max-width: 720px) 100vw, 720px\" \/><\/figure><\/li><li class=\"coblocks-gallery--item\"><figure class=\"coblocks-gallery--figure\"><img loading=\"lazy\" decoding=\"async\" width=\"720\" height=\"900\" src=\"http:\/\/www.waldemarstoffel.com\/cms\/uploads\/herbarium-II_03.jpg\" alt=\"\" data-id=\"298\" data-imglink=\"\" data-link=\"http:\/\/www.waldemarstoffel.com\/herbarium-ii-3\/\" class=\"wp-image-298\" srcset=\"http:\/\/www.waldemarstoffel.com\/cms\/uploads\/herbarium-II_03.jpg 720w, http:\/\/www.waldemarstoffel.com\/cms\/uploads\/herbarium-II_03-240x300.jpg 240w\" sizes=\"auto, (max-width: 720px) 100vw, 720px\" \/><\/figure><\/li><\/ul><\/div><\/div>\n","protected":false},"excerpt":{"rendered":"<p>S\u00e9rie de bo\u00eetes de lumi\u00e8re qui a \u00e9t\u00e9 cr\u00e9\u00e9e en m\u00eame temps que les transferts d\u2019image d\u2019Herbarium I Mesures: 103 x 130 x 30 cm<\/p>\n","protected":false},"author":8966,"featured_media":0,"parent":25,"menu_order":19,"comment_status":"closed","ping_status":"closed","template":"","meta":{"_coblocks_attr":"","_coblocks_dimensions":"","_coblocks_responsive_height":"","_coblocks_accordion_ie_support":"","footnotes":""},"class_list":["post-110","page","type-page","status-publish","hentry"],"_links":{"self":[{"href":"http:\/\/www.waldemarstoffel.com\/fr\/wp-json\/wp\/v2\/pages\/110","targetHints":{"allow":["GET"]}}],"collection":[{"href":"http:\/\/www.waldemarstoffel.com\/fr\/wp-json\/wp\/v2\/pages"}],"about":[{"href":"http:\/\/www.waldemarstoffel.com\/fr\/wp-json\/wp\/v2\/types\/page"}],"author":[{"embeddable":true,"href":"http:\/\/www.waldemarstoffel.com\/fr\/wp-json\/wp\/v2\/users\/8966"}],"replies":[{"embeddable":true,"href":"http:\/\/www.waldemarstoffel.com\/fr\/wp-json\/wp\/v2\/comments?post=110"}],"version-history":[{"count":2,"href":"http:\/\/www.waldemarstoffel.com\/fr\/wp-json\/wp\/v2\/pages\/110\/revisions"}],"predecessor-version":[{"id":113,"href":"http:\/\/www.waldemarstoffel.com\/fr\/wp-json\/wp\/v2\/pages\/110\/revisions\/113"}],"up":[{"embeddable":true,"href":"http:\/\/www.waldemarstoffel.com\/fr\/wp-json\/wp\/v2\/pages\/25"}],"wp:attachment":[{"href":"http:\/\/www.waldemarstoffel.com\/fr\/wp-json\/wp\/v2\/media?parent=110"}],"curies":[{"name":"wp","href":"https:\/\/api.w.org\/{rel}","templated":true}]}}