{"id":2,"date":"2021-04-07T10:32:40","date_gmt":"2021-04-07T09:32:40","guid":{"rendered":"http:\/\/www.waldemarstoffel.com\/fr\/?page_id=2"},"modified":"2021-11-21T22:47:03","modified_gmt":"2021-11-21T22:47:03","slug":"a-propos-de-moi","status":"publish","type":"page","link":"http:\/\/www.waldemarstoffel.com\/fr\/","title":{"rendered":"\u00c1 propos de moi"},"content":{"rendered":"\n<div class=\"wp-block-image\"><figure class=\"alignleft size-large is-resized\"><img loading=\"lazy\" decoding=\"async\" src=\"http:\/\/www.waldemarstoffel.com\/cms\/uploads\/stoffel_01-681x1024.jpg\" alt=\"Waldemar Stoffel\" class=\"wp-image-41\" width=\"266\" height=\"400\" srcset=\"http:\/\/www.waldemarstoffel.com\/cms\/uploads\/stoffel_01-681x1024.jpg 681w, http:\/\/www.waldemarstoffel.com\/cms\/uploads\/stoffel_01-200x300.jpg 200w, http:\/\/www.waldemarstoffel.com\/cms\/uploads\/stoffel_01-768x1155.jpg 768w, http:\/\/www.waldemarstoffel.com\/cms\/uploads\/stoffel_01-1021x1536.jpg 1021w, http:\/\/www.waldemarstoffel.com\/cms\/uploads\/stoffel_01.jpg 1064w\" sizes=\"auto, (max-width: 266px) 100vw, 266px\" \/><\/figure><\/div>\n\n\n\n<p class=\"has-medium-font-size\">N\u00e9 en 1968 \u00e0 Bonn.<\/p>\n\n\n\n<p class=\"has-medium-font-size\">\u00c0pres l&rsquo;\u00e9cole je comman\u00e7ais \u00e1 traivailler comme artiste et photojournaliste avont d&rsquo;aller \u00e0 Anvers, pour \u00e9tudier ce que je faisais de toute fa\u00e7on: La photographie.<\/p>\n\n\n\n<p class=\"has-medium-font-size\">Et me voil\u00e0, artiste et journaliste depuis plus de 30 ans. Maitenant, je vis et travaille \u00e0 Turku et j&rsquo;ai \u00e9tudi\u00e9 pour \u00eatre Master Mariner.<\/p>\n\n\n\n<p class=\"has-medium-font-size\">Sur cette site, vous trouvez mon \u0153vre et ma vita. En cas vous voulez regarder mon autre travail photographique et journalistique, vous le trouverez <a href=\"https:\/\/www.stefan-craemer.com\/fr\/\" data-type=\"URL\" data-id=\"https:\/\/www.stefan-craemer.com\/fr\/\">ici<\/a>.<\/p>\n","protected":false},"excerpt":{"rendered":"<p>N\u00e9 en 1968 \u00e0 Bonn. \u00c0pres l&rsquo;\u00e9cole je comman\u00e7ais \u00e1 traivailler comme artiste et photojournaliste avont d&rsquo;aller \u00e0 Anvers, pour \u00e9tudier ce que je faisais de toute fa\u00e7on: La photographie. Et me voil\u00e0, artiste et journaliste depuis plus de 30 ans. Maitenant, je vis et travaille \u00e0 Turku et j&rsquo;ai \u00e9tudi\u00e9 pour \u00eatre Master Mariner. [&hellip;]<\/p>\n","protected":false},"author":8966,"featured_media":0,"parent":0,"menu_order":0,"comment_status":"closed","ping_status":"open","template":"","meta":{"_coblocks_attr":"","_coblocks_dimensions":"","_coblocks_responsive_height":"","_coblocks_accordion_ie_support":"","footnotes":""},"class_list":["post-2","page","type-page","status-publish","hentry"],"_links":{"self":[{"href":"http:\/\/www.waldemarstoffel.com\/fr\/wp-json\/wp\/v2\/pages\/2","targetHints":{"allow":["GET"]}}],"collection":[{"href":"http:\/\/www.waldemarstoffel.com\/fr\/wp-json\/wp\/v2\/pages"}],"about":[{"href":"http:\/\/www.waldemarstoffel.com\/fr\/wp-json\/wp\/v2\/types\/page"}],"author":[{"embeddable":true,"href":"http:\/\/www.waldemarstoffel.com\/fr\/wp-json\/wp\/v2\/users\/8966"}],"replies":[{"embeddable":true,"href":"http:\/\/www.waldemarstoffel.com\/fr\/wp-json\/wp\/v2\/comments?post=2"}],"version-history":[{"count":3,"href":"http:\/\/www.waldemarstoffel.com\/fr\/wp-json\/wp\/v2\/pages\/2\/revisions"}],"predecessor-version":[{"id":133,"href":"http:\/\/www.waldemarstoffel.com\/fr\/wp-json\/wp\/v2\/pages\/2\/revisions\/133"}],"wp:attachment":[{"href":"http:\/\/www.waldemarstoffel.com\/fr\/wp-json\/wp\/v2\/media?parent=2"}],"curies":[{"name":"wp","href":"https:\/\/api.w.org\/{rel}","templated":true}]}}