{"id":53,"date":"2021-04-09T22:11:27","date_gmt":"2021-04-09T21:11:27","guid":{"rendered":"http:\/\/www.waldemarstoffel.com\/fr\/?page_id=53"},"modified":"2021-04-09T22:11:28","modified_gmt":"2021-04-09T21:11:28","slug":"love-beauty","status":"publish","type":"page","link":"http:\/\/www.waldemarstoffel.com\/fr\/galerie\/love-beauty\/","title":{"rendered":"Love &#8211; Beauty"},"content":{"rendered":"\n<h2 class=\"wp-block-heading\">Odyss\u00e9e 2000+1 Symposium des artistes \u00e1 Flensburg<\/h2>\n\n\n\n<div class=\"wp-block-columns is-layout-flex wp-container-core-columns-is-layout-28f84493 wp-block-columns-is-layout-flex\">\n<div class=\"wp-block-column is-layout-flow wp-block-column-is-layout-flow\">\n<figure class=\"wp-block-gallery columns-2 is-cropped has-lightbox wp-block-gallery-1 is-layout-flex wp-block-gallery-is-layout-flex\"><ul class=\"blocks-gallery-grid\"><li class=\"blocks-gallery-item\"><figure><img loading=\"lazy\" decoding=\"async\" width=\"1024\" height=\"615\" src=\"http:\/\/www.waldemarstoffel.com\/cms\/uploads\/love_01-1024x615.jpg\" alt=\"\" data-id=\"117\" data-full-url=\"http:\/\/www.waldemarstoffel.com\/cms\/uploads\/love_01.jpg\" data-link=\"http:\/\/www.waldemarstoffel.com\/odyssey-20001-3\/\" class=\"wp-image-117\" srcset=\"http:\/\/www.waldemarstoffel.com\/cms\/uploads\/love_01-1024x615.jpg 1024w, http:\/\/www.waldemarstoffel.com\/cms\/uploads\/love_01-300x180.jpg 300w, http:\/\/www.waldemarstoffel.com\/cms\/uploads\/love_01-768x461.jpg 768w, http:\/\/www.waldemarstoffel.com\/cms\/uploads\/love_01.jpg 1312w\" sizes=\"auto, (max-width: 1024px) 100vw, 1024px\" \/><figcaption class=\"blocks-gallery-item__caption\">Love<\/figcaption><\/figure><\/li><li class=\"blocks-gallery-item\"><figure><img loading=\"lazy\" decoding=\"async\" width=\"1024\" height=\"615\" src=\"http:\/\/www.waldemarstoffel.com\/cms\/uploads\/beauty_01-1024x615.jpg\" alt=\"\" data-id=\"115\" data-full-url=\"http:\/\/www.waldemarstoffel.com\/cms\/uploads\/beauty_01.jpg\" data-link=\"http:\/\/www.waldemarstoffel.com\/odyssey-20001\/\" class=\"wp-image-115\" srcset=\"http:\/\/www.waldemarstoffel.com\/cms\/uploads\/beauty_01-1024x615.jpg 1024w, http:\/\/www.waldemarstoffel.com\/cms\/uploads\/beauty_01-300x180.jpg 300w, http:\/\/www.waldemarstoffel.com\/cms\/uploads\/beauty_01-768x461.jpg 768w, http:\/\/www.waldemarstoffel.com\/cms\/uploads\/beauty_01.jpg 1312w\" sizes=\"auto, (max-width: 1024px) 100vw, 1024px\" \/><figcaption class=\"blocks-gallery-item__caption\">Beauty<\/figcaption><\/figure><\/li><\/ul><\/figure>\n\n\n\n<figure class=\"wp-block-image size-large has-lightbox\"><img loading=\"lazy\" decoding=\"async\" width=\"1000\" height=\"656\" src=\"http:\/\/www.waldemarstoffel.com\/cms\/uploads\/flensburg_01.jpg\" alt=\"\" class=\"wp-image-116\" srcset=\"http:\/\/www.waldemarstoffel.com\/cms\/uploads\/flensburg_01.jpg 1000w, http:\/\/www.waldemarstoffel.com\/cms\/uploads\/flensburg_01-300x197.jpg 300w, http:\/\/www.waldemarstoffel.com\/cms\/uploads\/flensburg_01-768x504.jpg 768w\" sizes=\"auto, (max-width: 1000px) 100vw, 1000px\" \/><figcaption>The installation in the Flensburg harbour.<\/figcaption><\/figure>\n<\/div>\n\n\n\n<div class=\"wp-block-column is-layout-flow wp-block-column-is-layout-flow\">\n<p>Symposium des artistes Europ\u00e9ens du 19.6.2001 jusq&rsquo;au 22.7.2001 \u00e1 Flensburg.<\/p>\n\n\n\n<p>Artistes participants:<\/p>\n\n\n\n<p>Didier B\u00e9quillard (F)<br>Bob Budd (GB)<br>Redas Dirzys (LT)<br>Wolfram Gutermann (D)<br>Magnus Gram\u00e9n &amp; Krister Kennedy (S)<br>Brigitte Jurack (GB)<br>Jurgita Remeikyte &amp; Irma Stanaityte (LT)<br>Inga Rensch (D)<\/p>\n\n\n\n<p>Les \u0153uvres Love et Beauty sont 250 x 150 cm.<\/p>\n<\/div>\n<\/div>\n\n\n\n<h2 class=\"wp-block-heading\">A[rt]ssenede 2001<\/h2>\n\n\n\n<div class=\"wp-block-columns is-layout-flex wp-container-core-columns-is-layout-28f84493 wp-block-columns-is-layout-flex\">\n<div class=\"wp-block-column is-layout-flow wp-block-column-is-layout-flow\">\n<figure class=\"wp-block-gallery columns-2 is-cropped has-lightbox wp-block-gallery-2 is-layout-flex wp-block-gallery-is-layout-flex\"><ul class=\"blocks-gallery-grid\"><li class=\"blocks-gallery-item\"><figure><img loading=\"lazy\" decoding=\"async\" width=\"1000\" height=\"656\" src=\"http:\/\/www.waldemarstoffel.com\/cms\/uploads\/artssenede_01.jpg\" alt=\"\" data-id=\"119\" data-full-url=\"http:\/\/www.waldemarstoffel.com\/cms\/uploads\/artssenede_01.jpg\" data-link=\"http:\/\/www.waldemarstoffel.com\/artssenede-2001\/\" class=\"wp-image-119\" srcset=\"http:\/\/www.waldemarstoffel.com\/cms\/uploads\/artssenede_01.jpg 1000w, http:\/\/www.waldemarstoffel.com\/cms\/uploads\/artssenede_01-300x197.jpg 300w, http:\/\/www.waldemarstoffel.com\/cms\/uploads\/artssenede_01-768x504.jpg 768w\" sizes=\"auto, (max-width: 1000px) 100vw, 1000px\" \/><figcaption class=\"blocks-gallery-item__caption\">Installation Love in a field in Assenede.<\/figcaption><\/figure><\/li><li class=\"blocks-gallery-item\"><figure><img loading=\"lazy\" decoding=\"async\" width=\"1000\" height=\"656\" src=\"http:\/\/www.waldemarstoffel.com\/cms\/uploads\/artssenede_02.jpg\" alt=\"\" data-id=\"120\" data-full-url=\"http:\/\/www.waldemarstoffel.com\/cms\/uploads\/artssenede_02.jpg\" data-link=\"http:\/\/www.waldemarstoffel.com\/artssenede-2001-2\/\" class=\"wp-image-120\" srcset=\"http:\/\/www.waldemarstoffel.com\/cms\/uploads\/artssenede_02.jpg 1000w, http:\/\/www.waldemarstoffel.com\/cms\/uploads\/artssenede_02-300x197.jpg 300w, http:\/\/www.waldemarstoffel.com\/cms\/uploads\/artssenede_02-768x504.jpg 768w\" sizes=\"auto, (max-width: 1000px) 100vw, 1000px\" \/><figcaption class=\"blocks-gallery-item__caption\">Installation Beauty in a field in Assenede.<\/figcaption><\/figure><\/li><\/ul><\/figure>\n<\/div>\n\n\n\n<div class=\"wp-block-column is-layout-flow wp-block-column-is-layout-flow\">\n<p>\u00c1 Assenede, les m\u00eames installations ont \u00e9t\u00e9 \u00e9tablies, comme pour l&rsquo;Odyss\u00e9e \u00e1 Flensburg.<\/p>\n<\/div>\n<\/div>\n","protected":false},"excerpt":{"rendered":"<p>Odyss\u00e9e 2000+1 Symposium des artistes \u00e1 Flensburg Symposium des artistes Europ\u00e9ens du 19.6.2001 jusq&rsquo;au 22.7.2001 \u00e1 Flensburg. Artistes participants: Didier B\u00e9quillard (F)Bob Budd (GB)Redas Dirzys (LT)Wolfram Gutermann (D)Magnus Gram\u00e9n &amp; Krister Kennedy (S)Brigitte Jurack (GB)Jurgita Remeikyte &amp; Irma Stanaityte (LT)Inga Rensch (D) Les \u0153uvres Love et Beauty sont 250 x 150 cm. A[rt]ssenede 2001 \u00c1 [&hellip;]<\/p>\n","protected":false},"author":8966,"featured_media":0,"parent":25,"menu_order":7,"comment_status":"closed","ping_status":"closed","template":"","meta":{"_coblocks_attr":"","_coblocks_dimensions":"","_coblocks_responsive_height":"","_coblocks_accordion_ie_support":"","footnotes":""},"class_list":["post-53","page","type-page","status-publish","hentry"],"_links":{"self":[{"href":"http:\/\/www.waldemarstoffel.com\/fr\/wp-json\/wp\/v2\/pages\/53","targetHints":{"allow":["GET"]}}],"collection":[{"href":"http:\/\/www.waldemarstoffel.com\/fr\/wp-json\/wp\/v2\/pages"}],"about":[{"href":"http:\/\/www.waldemarstoffel.com\/fr\/wp-json\/wp\/v2\/types\/page"}],"author":[{"embeddable":true,"href":"http:\/\/www.waldemarstoffel.com\/fr\/wp-json\/wp\/v2\/users\/8966"}],"replies":[{"embeddable":true,"href":"http:\/\/www.waldemarstoffel.com\/fr\/wp-json\/wp\/v2\/comments?post=53"}],"version-history":[{"count":2,"href":"http:\/\/www.waldemarstoffel.com\/fr\/wp-json\/wp\/v2\/pages\/53\/revisions"}],"predecessor-version":[{"id":55,"href":"http:\/\/www.waldemarstoffel.com\/fr\/wp-json\/wp\/v2\/pages\/53\/revisions\/55"}],"up":[{"embeddable":true,"href":"http:\/\/www.waldemarstoffel.com\/fr\/wp-json\/wp\/v2\/pages\/25"}],"wp:attachment":[{"href":"http:\/\/www.waldemarstoffel.com\/fr\/wp-json\/wp\/v2\/media?parent=53"}],"curies":[{"name":"wp","href":"https:\/\/api.w.org\/{rel}","templated":true}]}}