{"id":72,"date":"2021-04-10T08:41:25","date_gmt":"2021-04-10T07:41:25","guid":{"rendered":"http:\/\/www.waldemarstoffel.com\/fr\/?page_id=72"},"modified":"2021-04-10T08:41:26","modified_gmt":"2021-04-10T07:41:26","slug":"chateaux-deau","status":"publish","type":"page","link":"http:\/\/www.waldemarstoffel.com\/fr\/galerie\/chateaux-deau\/","title":{"rendered":"Ch\u00e2teaux d&rsquo;eau"},"content":{"rendered":"\n<p>La s\u00e9rie des ch\u00e2teaux d\u2019eau en Belgique est n\u00e9e de l\u2019int\u00e9r\u00eat pour un ph\u00e9nom\u00e8ne belge. Dans les ann\u00e9es 70, ils ont construit tant de \u00ab\u00a0trucs moches\u00a0\u00bb pour habiter.<\/p>\n\n\n\n<p>Des hauteurs diff\u00e9rentes dans la m\u00eame rue, o\u00f9 en trouve des b\u00e2timents de 3 \u00e9tages \u00e0 c\u00f4t\u00e9 des b\u00e2timents de 9 \u00e9tages, est connu comme bruxellisation.<\/p>\n\n\n\n<p>Et \u00e1 l&rsquo;autre c\u00f4t\u00e9, on trouve tant de ch\u00e2teaux d\u2019eau merveilleux des ann\u00e9es 60 et 70.<\/p>\n\n\n\n<div class=\"wp-block-coblocks-gallery-masonry alignwide\"><div class=\"coblocks-gallery has-caption-style-dark has-gutter has-lightbox\"><ul class=\"has-grid-med has-gutter-15 has-gutter-mobile-15\"><li class=\"coblocks-gallery--item\"><figure class=\"coblocks-gallery--figure\"><img loading=\"lazy\" decoding=\"async\" width=\"600\" height=\"750\" src=\"http:\/\/www.waldemarstoffel.com\/cms\/uploads\/watertowers_01.jpg\" alt=\"\" data-id=\"87\" data-imglink=\"\" data-link=\"http:\/\/www.waldemarstoffel.com\/watertowers\/\" class=\"wp-image-87\" srcset=\"http:\/\/www.waldemarstoffel.com\/cms\/uploads\/watertowers_01.jpg 600w, http:\/\/www.waldemarstoffel.com\/cms\/uploads\/watertowers_01-240x300.jpg 240w\" sizes=\"auto, (max-width: 600px) 100vw, 600px\" \/><figcaption class=\"coblocks-gallery--caption\">Geel<\/figcaption><\/figure><\/li><li class=\"coblocks-gallery--item\"><figure class=\"coblocks-gallery--figure\"><img loading=\"lazy\" decoding=\"async\" width=\"600\" height=\"750\" src=\"http:\/\/www.waldemarstoffel.com\/cms\/uploads\/watertowers_02.jpg\" alt=\"\" data-id=\"88\" data-imglink=\"\" data-link=\"http:\/\/www.waldemarstoffel.com\/watertowers-2\/\" class=\"wp-image-88\" srcset=\"http:\/\/www.waldemarstoffel.com\/cms\/uploads\/watertowers_02.jpg 600w, http:\/\/www.waldemarstoffel.com\/cms\/uploads\/watertowers_02-240x300.jpg 240w\" sizes=\"auto, (max-width: 600px) 100vw, 600px\" \/><figcaption class=\"coblocks-gallery--caption\">Herentals<\/figcaption><\/figure><\/li><li class=\"coblocks-gallery--item\"><figure class=\"coblocks-gallery--figure\"><img loading=\"lazy\" decoding=\"async\" width=\"600\" height=\"750\" src=\"http:\/\/www.waldemarstoffel.com\/cms\/uploads\/watertowers_03.jpg\" alt=\"\" data-id=\"89\" data-imglink=\"\" data-link=\"http:\/\/www.waldemarstoffel.com\/watertowers-3\/\" class=\"wp-image-89\" srcset=\"http:\/\/www.waldemarstoffel.com\/cms\/uploads\/watertowers_03.jpg 600w, http:\/\/www.waldemarstoffel.com\/cms\/uploads\/watertowers_03-240x300.jpg 240w\" sizes=\"auto, (max-width: 600px) 100vw, 600px\" \/><figcaption class=\"coblocks-gallery--caption\">Mechelen Noord<\/figcaption><\/figure><\/li><li class=\"coblocks-gallery--item\"><figure class=\"coblocks-gallery--figure\"><img loading=\"lazy\" decoding=\"async\" width=\"600\" height=\"750\" src=\"http:\/\/www.waldemarstoffel.com\/cms\/uploads\/watertowers_04.jpg\" alt=\"\" data-id=\"90\" data-imglink=\"\" data-link=\"http:\/\/www.waldemarstoffel.com\/watertowers-4\/\" class=\"wp-image-90\" srcset=\"http:\/\/www.waldemarstoffel.com\/cms\/uploads\/watertowers_04.jpg 600w, http:\/\/www.waldemarstoffel.com\/cms\/uploads\/watertowers_04-240x300.jpg 240w\" sizes=\"auto, (max-width: 600px) 100vw, 600px\" \/><figcaption class=\"coblocks-gallery--caption\">Mechelen Zuid<\/figcaption><\/figure><\/li><li class=\"coblocks-gallery--item\"><figure class=\"coblocks-gallery--figure\"><img loading=\"lazy\" decoding=\"async\" width=\"600\" height=\"750\" src=\"http:\/\/www.waldemarstoffel.com\/cms\/uploads\/watertowers_05.jpg\" alt=\"\" data-id=\"91\" data-imglink=\"\" data-link=\"http:\/\/www.waldemarstoffel.com\/watertowers-5\/\" class=\"wp-image-91\" srcset=\"http:\/\/www.waldemarstoffel.com\/cms\/uploads\/watertowers_05.jpg 600w, http:\/\/www.waldemarstoffel.com\/cms\/uploads\/watertowers_05-240x300.jpg 240w\" sizes=\"auto, (max-width: 600px) 100vw, 600px\" \/><figcaption class=\"coblocks-gallery--caption\">Duffel<\/figcaption><\/figure><\/li><li class=\"coblocks-gallery--item\"><figure class=\"coblocks-gallery--figure\"><img loading=\"lazy\" decoding=\"async\" width=\"600\" height=\"750\" src=\"http:\/\/www.waldemarstoffel.com\/cms\/uploads\/watertowers_06.jpg\" alt=\"\" data-id=\"92\" data-imglink=\"\" data-link=\"http:\/\/www.waldemarstoffel.com\/watertowers-6\/\" class=\"wp-image-92\" srcset=\"http:\/\/www.waldemarstoffel.com\/cms\/uploads\/watertowers_06.jpg 600w, http:\/\/www.waldemarstoffel.com\/cms\/uploads\/watertowers_06-240x300.jpg 240w\" sizes=\"auto, (max-width: 600px) 100vw, 600px\" \/><figcaption class=\"coblocks-gallery--caption\">Tienen<\/figcaption><\/figure><\/li><li class=\"coblocks-gallery--item\"><figure class=\"coblocks-gallery--figure\"><img loading=\"lazy\" decoding=\"async\" width=\"600\" height=\"750\" src=\"http:\/\/www.waldemarstoffel.com\/cms\/uploads\/watertowers_07.jpg\" alt=\"\" data-id=\"93\" data-imglink=\"\" data-link=\"http:\/\/www.waldemarstoffel.com\/watertowers-7\/\" class=\"wp-image-93\" srcset=\"http:\/\/www.waldemarstoffel.com\/cms\/uploads\/watertowers_07.jpg 600w, http:\/\/www.waldemarstoffel.com\/cms\/uploads\/watertowers_07-240x300.jpg 240w\" sizes=\"auto, (max-width: 600px) 100vw, 600px\" \/><figcaption class=\"coblocks-gallery--caption\">Bierbeek<\/figcaption><\/figure><\/li><li class=\"coblocks-gallery--item\"><figure class=\"coblocks-gallery--figure\"><img loading=\"lazy\" decoding=\"async\" width=\"600\" height=\"750\" src=\"http:\/\/www.waldemarstoffel.com\/cms\/uploads\/watertowers_08.jpg\" alt=\"\" data-id=\"94\" data-imglink=\"\" data-link=\"http:\/\/www.waldemarstoffel.com\/watertowers-8\/\" class=\"wp-image-94\" srcset=\"http:\/\/www.waldemarstoffel.com\/cms\/uploads\/watertowers_08.jpg 600w, http:\/\/www.waldemarstoffel.com\/cms\/uploads\/watertowers_08-240x300.jpg 240w\" sizes=\"auto, (max-width: 600px) 100vw, 600px\" \/><figcaption class=\"coblocks-gallery--caption\">Lantin<\/figcaption><\/figure><\/li><li class=\"coblocks-gallery--item\"><figure class=\"coblocks-gallery--figure\"><img loading=\"lazy\" decoding=\"async\" width=\"600\" height=\"750\" src=\"http:\/\/www.waldemarstoffel.com\/cms\/uploads\/watertowers_09.jpg\" alt=\"\" data-id=\"95\" data-imglink=\"\" data-link=\"http:\/\/www.waldemarstoffel.com\/watertowers-9\/\" class=\"wp-image-95\" srcset=\"http:\/\/www.waldemarstoffel.com\/cms\/uploads\/watertowers_09.jpg 600w, http:\/\/www.waldemarstoffel.com\/cms\/uploads\/watertowers_09-240x300.jpg 240w\" sizes=\"auto, (max-width: 600px) 100vw, 600px\" \/><figcaption class=\"coblocks-gallery--caption\">Herstal<\/figcaption><\/figure><\/li><li class=\"coblocks-gallery--item\"><figure class=\"coblocks-gallery--figure\"><img loading=\"lazy\" decoding=\"async\" width=\"600\" height=\"750\" src=\"http:\/\/www.waldemarstoffel.com\/cms\/uploads\/watertowers_10.jpg\" alt=\"\" data-id=\"96\" data-imglink=\"\" data-link=\"http:\/\/www.waldemarstoffel.com\/watertowers-10\/\" class=\"wp-image-96\" srcset=\"http:\/\/www.waldemarstoffel.com\/cms\/uploads\/watertowers_10.jpg 600w, http:\/\/www.waldemarstoffel.com\/cms\/uploads\/watertowers_10-240x300.jpg 240w\" sizes=\"auto, (max-width: 600px) 100vw, 600px\" \/><figcaption class=\"coblocks-gallery--caption\">Meer<\/figcaption><\/figure><\/li><li class=\"coblocks-gallery--item\"><figure class=\"coblocks-gallery--figure\"><img loading=\"lazy\" decoding=\"async\" width=\"600\" height=\"750\" src=\"http:\/\/www.waldemarstoffel.com\/cms\/uploads\/watertowers_11.jpg\" alt=\"\" data-id=\"97\" data-imglink=\"\" data-link=\"http:\/\/www.waldemarstoffel.com\/watertowers-11\/\" class=\"wp-image-97\" srcset=\"http:\/\/www.waldemarstoffel.com\/cms\/uploads\/watertowers_11.jpg 600w, http:\/\/www.waldemarstoffel.com\/cms\/uploads\/watertowers_11-240x300.jpg 240w\" sizes=\"auto, (max-width: 600px) 100vw, 600px\" \/><figcaption class=\"coblocks-gallery--caption\">Hasselt<\/figcaption><\/figure><\/li><li class=\"coblocks-gallery--item\"><figure class=\"coblocks-gallery--figure\"><img loading=\"lazy\" decoding=\"async\" width=\"600\" height=\"750\" src=\"http:\/\/www.waldemarstoffel.com\/cms\/uploads\/watertowers_12.jpg\" alt=\"\" data-id=\"98\" data-imglink=\"\" data-link=\"http:\/\/www.waldemarstoffel.com\/watertowers-12\/\" class=\"wp-image-98\" srcset=\"http:\/\/www.waldemarstoffel.com\/cms\/uploads\/watertowers_12.jpg 600w, http:\/\/www.waldemarstoffel.com\/cms\/uploads\/watertowers_12-240x300.jpg 240w\" sizes=\"auto, (max-width: 600px) 100vw, 600px\" \/><figcaption class=\"coblocks-gallery--caption\">St. Antonius<\/figcaption><\/figure><\/li><li class=\"coblocks-gallery--item\"><figure class=\"coblocks-gallery--figure\"><img loading=\"lazy\" decoding=\"async\" width=\"600\" height=\"750\" src=\"http:\/\/www.waldemarstoffel.com\/cms\/uploads\/watertowers_13.jpg\" alt=\"\" data-id=\"99\" data-imglink=\"\" data-link=\"http:\/\/www.waldemarstoffel.com\/watertowers-13\/\" class=\"wp-image-99\" srcset=\"http:\/\/www.waldemarstoffel.com\/cms\/uploads\/watertowers_13.jpg 600w, http:\/\/www.waldemarstoffel.com\/cms\/uploads\/watertowers_13-240x300.jpg 240w\" sizes=\"auto, (max-width: 600px) 100vw, 600px\" \/><figcaption class=\"coblocks-gallery--caption\">St.-Job-In&rsquo;t-Goor<\/figcaption><\/figure><\/li><li class=\"coblocks-gallery--item\"><figure class=\"coblocks-gallery--figure\"><img loading=\"lazy\" decoding=\"async\" width=\"600\" height=\"750\" src=\"http:\/\/www.waldemarstoffel.com\/cms\/uploads\/watertowers_14.jpg\" alt=\"\" data-id=\"100\" data-imglink=\"\" data-link=\"http:\/\/www.waldemarstoffel.com\/watertowers-14\/\" class=\"wp-image-100\" srcset=\"http:\/\/www.waldemarstoffel.com\/cms\/uploads\/watertowers_14.jpg 600w, http:\/\/www.waldemarstoffel.com\/cms\/uploads\/watertowers_14-240x300.jpg 240w\" sizes=\"auto, (max-width: 600px) 100vw, 600px\" \/><figcaption class=\"coblocks-gallery--caption\">Nijlen<\/figcaption><\/figure><\/li><li class=\"coblocks-gallery--item\"><figure class=\"coblocks-gallery--figure\"><img loading=\"lazy\" decoding=\"async\" width=\"600\" height=\"750\" src=\"http:\/\/www.waldemarstoffel.com\/cms\/uploads\/watertowers_15.jpg\" alt=\"\" data-id=\"101\" data-imglink=\"\" data-link=\"http:\/\/www.waldemarstoffel.com\/watertowers-15\/\" class=\"wp-image-101\" srcset=\"http:\/\/www.waldemarstoffel.com\/cms\/uploads\/watertowers_15.jpg 600w, http:\/\/www.waldemarstoffel.com\/cms\/uploads\/watertowers_15-240x300.jpg 240w\" sizes=\"auto, (max-width: 600px) 100vw, 600px\" \/><figcaption class=\"coblocks-gallery--caption\">Wuustwezel<\/figcaption><\/figure><\/li><\/ul><\/div><\/div>\n","protected":false},"excerpt":{"rendered":"<p>La s\u00e9rie des ch\u00e2teaux d\u2019eau en Belgique est n\u00e9e de l\u2019int\u00e9r\u00eat pour un ph\u00e9nom\u00e8ne belge. Dans les ann\u00e9es 70, ils ont construit tant de \u00ab\u00a0trucs moches\u00a0\u00bb pour habiter. Des hauteurs diff\u00e9rentes dans la m\u00eame rue, o\u00f9 en trouve des b\u00e2timents de 3 \u00e9tages \u00e0 c\u00f4t\u00e9 des b\u00e2timents de 9 \u00e9tages, est connu comme bruxellisation. Et [&hellip;]<\/p>\n","protected":false},"author":8966,"featured_media":0,"parent":25,"menu_order":11,"comment_status":"closed","ping_status":"closed","template":"","meta":{"_coblocks_attr":"","_coblocks_dimensions":"","_coblocks_responsive_height":"","_coblocks_accordion_ie_support":"","footnotes":""},"class_list":["post-72","page","type-page","status-publish","hentry"],"_links":{"self":[{"href":"http:\/\/www.waldemarstoffel.com\/fr\/wp-json\/wp\/v2\/pages\/72","targetHints":{"allow":["GET"]}}],"collection":[{"href":"http:\/\/www.waldemarstoffel.com\/fr\/wp-json\/wp\/v2\/pages"}],"about":[{"href":"http:\/\/www.waldemarstoffel.com\/fr\/wp-json\/wp\/v2\/types\/page"}],"author":[{"embeddable":true,"href":"http:\/\/www.waldemarstoffel.com\/fr\/wp-json\/wp\/v2\/users\/8966"}],"replies":[{"embeddable":true,"href":"http:\/\/www.waldemarstoffel.com\/fr\/wp-json\/wp\/v2\/comments?post=72"}],"version-history":[{"count":2,"href":"http:\/\/www.waldemarstoffel.com\/fr\/wp-json\/wp\/v2\/pages\/72\/revisions"}],"predecessor-version":[{"id":74,"href":"http:\/\/www.waldemarstoffel.com\/fr\/wp-json\/wp\/v2\/pages\/72\/revisions\/74"}],"up":[{"embeddable":true,"href":"http:\/\/www.waldemarstoffel.com\/fr\/wp-json\/wp\/v2\/pages\/25"}],"wp:attachment":[{"href":"http:\/\/www.waldemarstoffel.com\/fr\/wp-json\/wp\/v2\/media?parent=72"}],"curies":[{"name":"wp","href":"https:\/\/api.w.org\/{rel}","templated":true}]}}