{"id":76,"date":"2021-04-10T09:42:35","date_gmt":"2021-04-10T08:42:35","guid":{"rendered":"http:\/\/www.waldemarstoffel.com\/fr\/?page_id=76"},"modified":"2021-04-10T12:13:04","modified_gmt":"2021-04-10T11:13:04","slug":"parcs","status":"publish","type":"page","link":"http:\/\/www.waldemarstoffel.com\/fr\/galerie\/parcs\/","title":{"rendered":"Parcs"},"content":{"rendered":"\n<p>L&rsquo;\u00e9tude des espaces urbains et des paysages m\u00e8ne presque in\u00e9vitablement \u00e0 l&rsquo;obversation des espaces urbains tr\u00e8s sp\u00e9cials &#8211; les parcs. Car ils sont des \u00eeles vertes dans la ville, cre\u00e9s par des architectes de paysage.<\/p>\n\n\n\n<p>Ces photos sont prises 2002.<\/p>\n\n\n\n<div class=\"wp-block-coblocks-gallery-masonry alignwide\"><div class=\"coblocks-gallery has-caption-style-dark has-gutter has-lightbox\"><ul class=\"has-grid-med has-gutter-15 has-gutter-mobile-15\"><li class=\"coblocks-gallery--item\"><figure class=\"coblocks-gallery--figure\"><img loading=\"lazy\" decoding=\"async\" width=\"1000\" height=\"820\" src=\"http:\/\/www.waldemarstoffel.com\/cms\/uploads\/parks_01.jpg\" alt=\"\" data-id=\"208\" data-imglink=\"\" data-link=\"http:\/\/www.waldemarstoffel.com\/parks\/\" class=\"wp-image-208\" srcset=\"http:\/\/www.waldemarstoffel.com\/cms\/uploads\/parks_01.jpg 1000w, http:\/\/www.waldemarstoffel.com\/cms\/uploads\/parks_01-300x246.jpg 300w, http:\/\/www.waldemarstoffel.com\/cms\/uploads\/parks_01-768x630.jpg 768w\" sizes=\"auto, (max-width: 1000px) 100vw, 1000px\" \/><figcaption class=\"coblocks-gallery--caption\">Parc, Euskirchen<\/figcaption><\/figure><\/li><li class=\"coblocks-gallery--item\"><figure class=\"coblocks-gallery--figure\"><img loading=\"lazy\" decoding=\"async\" width=\"1000\" height=\"820\" src=\"http:\/\/www.waldemarstoffel.com\/cms\/uploads\/parks_02.jpg\" alt=\"\" data-id=\"209\" data-imglink=\"\" data-link=\"http:\/\/www.waldemarstoffel.com\/parks-2\/\" class=\"wp-image-209\" srcset=\"http:\/\/www.waldemarstoffel.com\/cms\/uploads\/parks_02.jpg 1000w, http:\/\/www.waldemarstoffel.com\/cms\/uploads\/parks_02-300x246.jpg 300w, http:\/\/www.waldemarstoffel.com\/cms\/uploads\/parks_02-768x630.jpg 768w\" sizes=\"auto, (max-width: 1000px) 100vw, 1000px\" \/><figcaption class=\"coblocks-gallery--caption\">Jardin Botanique, Bonn<\/figcaption><\/figure><\/li><li class=\"coblocks-gallery--item\"><figure class=\"coblocks-gallery--figure\"><img loading=\"lazy\" decoding=\"async\" width=\"1000\" height=\"820\" src=\"http:\/\/www.waldemarstoffel.com\/cms\/uploads\/parks_03.jpg\" alt=\"\" data-id=\"210\" data-imglink=\"\" data-link=\"http:\/\/www.waldemarstoffel.com\/parks-3\/\" class=\"wp-image-210\" srcset=\"http:\/\/www.waldemarstoffel.com\/cms\/uploads\/parks_03.jpg 1000w, http:\/\/www.waldemarstoffel.com\/cms\/uploads\/parks_03-300x246.jpg 300w, http:\/\/www.waldemarstoffel.com\/cms\/uploads\/parks_03-768x630.jpg 768w\" sizes=\"auto, (max-width: 1000px) 100vw, 1000px\" \/><figcaption class=\"coblocks-gallery--caption\">Prairies du Rhin, Bonn<\/figcaption><\/figure><\/li><li class=\"coblocks-gallery--item\"><figure class=\"coblocks-gallery--figure\"><img loading=\"lazy\" decoding=\"async\" width=\"1000\" height=\"820\" src=\"http:\/\/www.waldemarstoffel.com\/cms\/uploads\/parks_04.jpg\" alt=\"\" data-id=\"211\" data-imglink=\"\" data-link=\"http:\/\/www.waldemarstoffel.com\/parks-4\/\" class=\"wp-image-211\" srcset=\"http:\/\/www.waldemarstoffel.com\/cms\/uploads\/parks_04.jpg 1000w, http:\/\/www.waldemarstoffel.com\/cms\/uploads\/parks_04-300x246.jpg 300w, http:\/\/www.waldemarstoffel.com\/cms\/uploads\/parks_04-768x630.jpg 768w\" sizes=\"auto, (max-width: 1000px) 100vw, 1000px\" \/><figcaption class=\"coblocks-gallery--caption\">Parc de Ville, Bad Godesberg (Bonn)<\/figcaption><\/figure><\/li><\/ul><\/div><\/div>\n","protected":false},"excerpt":{"rendered":"<p>L&rsquo;\u00e9tude des espaces urbains et des paysages m\u00e8ne presque in\u00e9vitablement \u00e0 l&rsquo;obversation des espaces urbains tr\u00e8s sp\u00e9cials &#8211; les parcs. Car ils sont des \u00eeles vertes dans la ville, cre\u00e9s par des architectes de paysage. Ces photos sont prises 2002.<\/p>\n","protected":false},"author":8966,"featured_media":0,"parent":25,"menu_order":12,"comment_status":"closed","ping_status":"closed","template":"","meta":{"_coblocks_attr":"","_coblocks_dimensions":"","_coblocks_responsive_height":"","_coblocks_accordion_ie_support":"","footnotes":""},"class_list":["post-76","page","type-page","status-publish","hentry"],"_links":{"self":[{"href":"http:\/\/www.waldemarstoffel.com\/fr\/wp-json\/wp\/v2\/pages\/76","targetHints":{"allow":["GET"]}}],"collection":[{"href":"http:\/\/www.waldemarstoffel.com\/fr\/wp-json\/wp\/v2\/pages"}],"about":[{"href":"http:\/\/www.waldemarstoffel.com\/fr\/wp-json\/wp\/v2\/types\/page"}],"author":[{"embeddable":true,"href":"http:\/\/www.waldemarstoffel.com\/fr\/wp-json\/wp\/v2\/users\/8966"}],"replies":[{"embeddable":true,"href":"http:\/\/www.waldemarstoffel.com\/fr\/wp-json\/wp\/v2\/comments?post=76"}],"version-history":[{"count":3,"href":"http:\/\/www.waldemarstoffel.com\/fr\/wp-json\/wp\/v2\/pages\/76\/revisions"}],"predecessor-version":[{"id":80,"href":"http:\/\/www.waldemarstoffel.com\/fr\/wp-json\/wp\/v2\/pages\/76\/revisions\/80"}],"up":[{"embeddable":true,"href":"http:\/\/www.waldemarstoffel.com\/fr\/wp-json\/wp\/v2\/pages\/25"}],"wp:attachment":[{"href":"http:\/\/www.waldemarstoffel.com\/fr\/wp-json\/wp\/v2\/media?parent=76"}],"curies":[{"name":"wp","href":"https:\/\/api.w.org\/{rel}","templated":true}]}}