{"id":86,"date":"2021-04-11T19:46:19","date_gmt":"2021-04-11T18:46:19","guid":{"rendered":"http:\/\/www.waldemarstoffel.com\/fr\/?page_id=86"},"modified":"2021-04-11T19:46:20","modified_gmt":"2021-04-11T18:46:20","slug":"mzlf","status":"publish","type":"page","link":"http:\/\/www.waldemarstoffel.com\/fr\/galerie\/mzlf\/","title":{"rendered":"MZLF"},"content":{"rendered":"\n<div class=\"wp-block-columns is-layout-flex wp-container-core-columns-is-layout-28f84493 wp-block-columns-is-layout-flex\">\n<div class=\"wp-block-column is-layout-flow wp-block-column-is-layout-flow\">\n<figure class=\"wp-block-image size-large has-lightbox\"><img loading=\"lazy\" decoding=\"async\" width=\"1024\" height=\"724\" src=\"http:\/\/www.waldemarstoffel.com\/cms\/uploads\/mzlf_01-1024x724.jpg\" alt=\"\" class=\"wp-image-222\" srcset=\"http:\/\/www.waldemarstoffel.com\/cms\/uploads\/mzlf_01-1024x724.jpg 1024w, http:\/\/www.waldemarstoffel.com\/cms\/uploads\/mzlf_01-300x212.jpg 300w, http:\/\/www.waldemarstoffel.com\/cms\/uploads\/mzlf_01-768x543.jpg 768w, http:\/\/www.waldemarstoffel.com\/cms\/uploads\/mzlf_01.jpg 1114w\" sizes=\"auto, (max-width: 1024px) 100vw, 1024px\" \/><figcaption>Contribution pour l&rsquo;expostion \u00ab\u00a0Free Martin Zet! \u00a0\u00bb \u00e1 Bialystok<\/figcaption><\/figure>\n<\/div>\n\n\n\n<div class=\"wp-block-column is-layout-flow wp-block-column-is-layout-flow\">\n<p style=\"font-size:clamp(14px, 0.875rem + ((1vw - 3.2px) * 0.455), 18px);px\">Le MZLF (Martin Zet Liberation Front) a \u00e9t\u00e9 fond\u00e9 en 2003 par l\u2019honorable g\u00e9n\u00e9ral H\u00f2-Xing W\u00e2 parce que la lutte pour la libert\u00e9 de Martin Zet \u00e9tait infructueuse depuis des ann\u00e9es. Dans un discours de principe, le g\u00e9n\u00e9ral H\u00f2 a d\u00e9clar\u00e9 que \u00ab\u00a0<em>l\u00e0 o\u00f9 la lutte pour la libert\u00e9 ne peut pas \u00eatre men\u00e9e par des moyens l\u00e9gaux, il est n\u00e9cessaire d\u2019aller dans la clandestinit\u00e9.<\/em>\u00ab\u00a0<\/p>\n\n\n\n<p style=\"font-size:clamp(14px, 0.875rem + ((1vw - 3.2px) * 0.455), 18px);px\">L\u2019image montre le g\u00e9n\u00e9ral H\u00f2 lors d\u2019une d\u00e9monstration de la force du MZLF.<\/p>\n<\/div>\n<\/div>\n","protected":false},"excerpt":{"rendered":"<p>Le MZLF (Martin Zet Liberation Front) a \u00e9t\u00e9 fond\u00e9 en 2003 par l\u2019honorable g\u00e9n\u00e9ral H\u00f2-Xing W\u00e2 parce que la lutte pour la libert\u00e9 de Martin Zet \u00e9tait infructueuse depuis des ann\u00e9es. Dans un discours de principe, le g\u00e9n\u00e9ral H\u00f2 a d\u00e9clar\u00e9 que \u00ab\u00a0l\u00e0 o\u00f9 la lutte pour la libert\u00e9 ne peut pas \u00eatre men\u00e9e par [&hellip;]<\/p>\n","protected":false},"author":8966,"featured_media":0,"parent":25,"menu_order":14,"comment_status":"closed","ping_status":"closed","template":"","meta":{"_coblocks_attr":"","_coblocks_dimensions":"","_coblocks_responsive_height":"","_coblocks_accordion_ie_support":"","footnotes":""},"class_list":["post-86","page","type-page","status-publish","hentry"],"_links":{"self":[{"href":"http:\/\/www.waldemarstoffel.com\/fr\/wp-json\/wp\/v2\/pages\/86","targetHints":{"allow":["GET"]}}],"collection":[{"href":"http:\/\/www.waldemarstoffel.com\/fr\/wp-json\/wp\/v2\/pages"}],"about":[{"href":"http:\/\/www.waldemarstoffel.com\/fr\/wp-json\/wp\/v2\/types\/page"}],"author":[{"embeddable":true,"href":"http:\/\/www.waldemarstoffel.com\/fr\/wp-json\/wp\/v2\/users\/8966"}],"replies":[{"embeddable":true,"href":"http:\/\/www.waldemarstoffel.com\/fr\/wp-json\/wp\/v2\/comments?post=86"}],"version-history":[{"count":2,"href":"http:\/\/www.waldemarstoffel.com\/fr\/wp-json\/wp\/v2\/pages\/86\/revisions"}],"predecessor-version":[{"id":88,"href":"http:\/\/www.waldemarstoffel.com\/fr\/wp-json\/wp\/v2\/pages\/86\/revisions\/88"}],"up":[{"embeddable":true,"href":"http:\/\/www.waldemarstoffel.com\/fr\/wp-json\/wp\/v2\/pages\/25"}],"wp:attachment":[{"href":"http:\/\/www.waldemarstoffel.com\/fr\/wp-json\/wp\/v2\/media?parent=86"}],"curies":[{"name":"wp","href":"https:\/\/api.w.org\/{rel}","templated":true}]}}