{"id":90,"date":"2021-04-11T21:35:06","date_gmt":"2021-04-11T20:35:06","guid":{"rendered":"http:\/\/www.waldemarstoffel.com\/fr\/?page_id=90"},"modified":"2021-04-12T06:23:21","modified_gmt":"2021-04-12T05:23:21","slug":"urban-spaces","status":"publish","type":"page","link":"http:\/\/www.waldemarstoffel.com\/fr\/galerie\/urban-spaces\/","title":{"rendered":"Urban Spaces"},"content":{"rendered":"\n<p>Ce groupe est en fait divis\u00e9 en deux s\u00e9ries.<\/p>\n\n\n\n<p>Les diff\u00e9rentes visions architecturales produisent des id\u00e9es \u00e9galement diff\u00e9rentes sur l&rsquo;usage de l\u2019espace entre les b\u00e2timents. Ce que cet espace doit espace r\u00e9ussir. Avant, il \u00e9tait important que la lessive soit s\u00e8che, aujourd\u2019hui on pense plus aux enfants qui jouent.<\/p>\n\n\n\n<p>Un autre aspect des espaces urbains est l&rsquo;absence d\u2019espaces. Des b\u00e2timents sont d\u00e9molies pour laisser place aux nouveaux b\u00e2timents plus importants. Les carreaux et le papier peint permettent l&rsquo;imagination comment la vie s\u2019est peut-\u00eatre d\u00e9roul\u00e9e l\u00e0-bas.<\/p>\n\n\n\n<div class=\"wp-block-coblocks-gallery-masonry alignwide\"><div class=\"coblocks-gallery has-caption-style-dark has-gutter has-lightbox\"><ul class=\"has-grid-med has-gutter-15 has-gutter-mobile-15\"><li class=\"coblocks-gallery--item\"><figure class=\"coblocks-gallery--figure\"><img loading=\"lazy\" decoding=\"async\" width=\"1000\" height=\"820\" src=\"http:\/\/www.waldemarstoffel.com\/cms\/uploads\/urban-spaces_01.jpg\" alt=\"\" data-id=\"226\" data-imglink=\"\" data-link=\"http:\/\/www.waldemarstoffel.com\/urban-spaces\/\" class=\"wp-image-226\" srcset=\"http:\/\/www.waldemarstoffel.com\/cms\/uploads\/urban-spaces_01.jpg 1000w, http:\/\/www.waldemarstoffel.com\/cms\/uploads\/urban-spaces_01-300x246.jpg 300w, http:\/\/www.waldemarstoffel.com\/cms\/uploads\/urban-spaces_01-768x630.jpg 768w\" sizes=\"auto, (max-width: 1000px) 100vw, 1000px\" \/><figcaption class=\"coblocks-gallery--caption\">Bonn<\/figcaption><\/figure><\/li><li class=\"coblocks-gallery--item\"><figure class=\"coblocks-gallery--figure\"><img loading=\"lazy\" decoding=\"async\" width=\"1000\" height=\"820\" src=\"http:\/\/www.waldemarstoffel.com\/cms\/uploads\/urban-spaces_02.jpg\" alt=\"\" data-id=\"227\" data-imglink=\"\" data-link=\"http:\/\/www.waldemarstoffel.com\/urban-spaces-2\/\" class=\"wp-image-227\" srcset=\"http:\/\/www.waldemarstoffel.com\/cms\/uploads\/urban-spaces_02.jpg 1000w, http:\/\/www.waldemarstoffel.com\/cms\/uploads\/urban-spaces_02-300x246.jpg 300w, http:\/\/www.waldemarstoffel.com\/cms\/uploads\/urban-spaces_02-768x630.jpg 768w\" sizes=\"auto, (max-width: 1000px) 100vw, 1000px\" \/><figcaption class=\"coblocks-gallery--caption\">Bonn<\/figcaption><\/figure><\/li><li class=\"coblocks-gallery--item\"><figure class=\"coblocks-gallery--figure\"><img loading=\"lazy\" decoding=\"async\" width=\"1000\" height=\"820\" src=\"http:\/\/www.waldemarstoffel.com\/cms\/uploads\/urban-spaces_03.jpg\" alt=\"\" data-id=\"228\" data-imglink=\"\" data-link=\"http:\/\/www.waldemarstoffel.com\/urban-spaces-3\/\" class=\"wp-image-228\" srcset=\"http:\/\/www.waldemarstoffel.com\/cms\/uploads\/urban-spaces_03.jpg 1000w, http:\/\/www.waldemarstoffel.com\/cms\/uploads\/urban-spaces_03-300x246.jpg 300w, http:\/\/www.waldemarstoffel.com\/cms\/uploads\/urban-spaces_03-768x630.jpg 768w\" sizes=\"auto, (max-width: 1000px) 100vw, 1000px\" \/><figcaption class=\"coblocks-gallery--caption\">Bonn<\/figcaption><\/figure><\/li><li class=\"coblocks-gallery--item\"><figure class=\"coblocks-gallery--figure\"><img loading=\"lazy\" decoding=\"async\" width=\"1000\" height=\"820\" src=\"http:\/\/www.waldemarstoffel.com\/cms\/uploads\/urban-spaces_04.jpg\" alt=\"\" data-id=\"229\" data-imglink=\"\" data-link=\"http:\/\/www.waldemarstoffel.com\/urban-spaces-4\/\" class=\"wp-image-229\" srcset=\"http:\/\/www.waldemarstoffel.com\/cms\/uploads\/urban-spaces_04.jpg 1000w, http:\/\/www.waldemarstoffel.com\/cms\/uploads\/urban-spaces_04-300x246.jpg 300w, http:\/\/www.waldemarstoffel.com\/cms\/uploads\/urban-spaces_04-768x630.jpg 768w\" sizes=\"auto, (max-width: 1000px) 100vw, 1000px\" \/><figcaption class=\"coblocks-gallery--caption\">Bonn<\/figcaption><\/figure><\/li><li class=\"coblocks-gallery--item\"><figure class=\"coblocks-gallery--figure\"><img loading=\"lazy\" decoding=\"async\" width=\"1000\" height=\"820\" src=\"http:\/\/www.waldemarstoffel.com\/cms\/uploads\/urban-spaces_05.jpg\" alt=\"\" data-id=\"230\" data-imglink=\"\" data-link=\"http:\/\/www.waldemarstoffel.com\/urban-spaces-5\/\" class=\"wp-image-230\" srcset=\"http:\/\/www.waldemarstoffel.com\/cms\/uploads\/urban-spaces_05.jpg 1000w, http:\/\/www.waldemarstoffel.com\/cms\/uploads\/urban-spaces_05-300x246.jpg 300w, http:\/\/www.waldemarstoffel.com\/cms\/uploads\/urban-spaces_05-768x630.jpg 768w\" sizes=\"auto, (max-width: 1000px) 100vw, 1000px\" \/><figcaption class=\"coblocks-gallery--caption\">Bonn<\/figcaption><\/figure><\/li><li class=\"coblocks-gallery--item\"><figure class=\"coblocks-gallery--figure\"><img loading=\"lazy\" decoding=\"async\" width=\"1000\" height=\"820\" src=\"http:\/\/www.waldemarstoffel.com\/cms\/uploads\/urban-spaces_06.jpg\" alt=\"\" data-id=\"231\" data-imglink=\"\" data-link=\"http:\/\/www.waldemarstoffel.com\/urban-spaces-6\/\" class=\"wp-image-231\" srcset=\"http:\/\/www.waldemarstoffel.com\/cms\/uploads\/urban-spaces_06.jpg 1000w, http:\/\/www.waldemarstoffel.com\/cms\/uploads\/urban-spaces_06-300x246.jpg 300w, http:\/\/www.waldemarstoffel.com\/cms\/uploads\/urban-spaces_06-768x630.jpg 768w\" sizes=\"auto, (max-width: 1000px) 100vw, 1000px\" \/><figcaption class=\"coblocks-gallery--caption\">Bonn<\/figcaption><\/figure><\/li><li class=\"coblocks-gallery--item\"><figure class=\"coblocks-gallery--figure\"><img loading=\"lazy\" decoding=\"async\" width=\"1000\" height=\"820\" src=\"http:\/\/www.waldemarstoffel.com\/cms\/uploads\/urban-spaces_07.jpg\" alt=\"\" data-id=\"232\" data-imglink=\"\" data-link=\"http:\/\/www.waldemarstoffel.com\/urban-spaces-7\/\" class=\"wp-image-232\" srcset=\"http:\/\/www.waldemarstoffel.com\/cms\/uploads\/urban-spaces_07.jpg 1000w, http:\/\/www.waldemarstoffel.com\/cms\/uploads\/urban-spaces_07-300x246.jpg 300w, http:\/\/www.waldemarstoffel.com\/cms\/uploads\/urban-spaces_07-768x630.jpg 768w\" sizes=\"auto, (max-width: 1000px) 100vw, 1000px\" \/><figcaption class=\"coblocks-gallery--caption\">Bonn<\/figcaption><\/figure><\/li><li class=\"coblocks-gallery--item\"><figure class=\"coblocks-gallery--figure\"><img loading=\"lazy\" decoding=\"async\" width=\"1000\" height=\"820\" src=\"http:\/\/www.waldemarstoffel.com\/cms\/uploads\/urban-spaces_08.jpg\" alt=\"\" data-id=\"233\" data-imglink=\"\" data-link=\"http:\/\/www.waldemarstoffel.com\/urban-spaces-8\/\" class=\"wp-image-233\" srcset=\"http:\/\/www.waldemarstoffel.com\/cms\/uploads\/urban-spaces_08.jpg 1000w, http:\/\/www.waldemarstoffel.com\/cms\/uploads\/urban-spaces_08-300x246.jpg 300w, http:\/\/www.waldemarstoffel.com\/cms\/uploads\/urban-spaces_08-768x630.jpg 768w\" sizes=\"auto, (max-width: 1000px) 100vw, 1000px\" \/><figcaption class=\"coblocks-gallery--caption\">Bonn<\/figcaption><\/figure><\/li><li class=\"coblocks-gallery--item\"><figure class=\"coblocks-gallery--figure\"><img loading=\"lazy\" decoding=\"async\" width=\"1000\" height=\"820\" src=\"http:\/\/www.waldemarstoffel.com\/cms\/uploads\/urban-spaces_09.jpg\" alt=\"\" data-id=\"234\" data-imglink=\"\" data-link=\"http:\/\/www.waldemarstoffel.com\/urban-spaces-9\/\" class=\"wp-image-234\" srcset=\"http:\/\/www.waldemarstoffel.com\/cms\/uploads\/urban-spaces_09.jpg 1000w, http:\/\/www.waldemarstoffel.com\/cms\/uploads\/urban-spaces_09-300x246.jpg 300w, http:\/\/www.waldemarstoffel.com\/cms\/uploads\/urban-spaces_09-768x630.jpg 768w\" sizes=\"auto, (max-width: 1000px) 100vw, 1000px\" \/><figcaption class=\"coblocks-gallery--caption\">St. Augustin<\/figcaption><\/figure><\/li><li class=\"coblocks-gallery--item\"><figure class=\"coblocks-gallery--figure\"><img loading=\"lazy\" decoding=\"async\" width=\"1000\" height=\"820\" src=\"http:\/\/www.waldemarstoffel.com\/cms\/uploads\/urban-spaces_10.jpg\" alt=\"\" data-id=\"235\" data-imglink=\"\" data-link=\"http:\/\/www.waldemarstoffel.com\/urban-spaces-10\/\" class=\"wp-image-235\" srcset=\"http:\/\/www.waldemarstoffel.com\/cms\/uploads\/urban-spaces_10.jpg 1000w, http:\/\/www.waldemarstoffel.com\/cms\/uploads\/urban-spaces_10-300x246.jpg 300w, http:\/\/www.waldemarstoffel.com\/cms\/uploads\/urban-spaces_10-768x630.jpg 768w\" sizes=\"auto, (max-width: 1000px) 100vw, 1000px\" \/><figcaption class=\"coblocks-gallery--caption\">Bonn<\/figcaption><\/figure><\/li><li class=\"coblocks-gallery--item\"><figure class=\"coblocks-gallery--figure\"><img loading=\"lazy\" decoding=\"async\" width=\"738\" height=\"900\" src=\"http:\/\/www.waldemarstoffel.com\/cms\/uploads\/urban-spaces_11.jpg\" alt=\"\" data-id=\"236\" data-imglink=\"\" data-link=\"http:\/\/www.waldemarstoffel.com\/urban-spaces-11\/\" class=\"wp-image-236\" srcset=\"http:\/\/www.waldemarstoffel.com\/cms\/uploads\/urban-spaces_11.jpg 738w, http:\/\/www.waldemarstoffel.com\/cms\/uploads\/urban-spaces_11-246x300.jpg 246w\" sizes=\"auto, (max-width: 738px) 100vw, 738px\" \/><figcaption class=\"coblocks-gallery--caption\">Anvers<\/figcaption><\/figure><\/li><li class=\"coblocks-gallery--item\"><figure class=\"coblocks-gallery--figure\"><img loading=\"lazy\" decoding=\"async\" width=\"738\" height=\"900\" src=\"http:\/\/www.waldemarstoffel.com\/cms\/uploads\/urban-spaces_12.jpg\" alt=\"\" data-id=\"237\" data-imglink=\"\" data-link=\"http:\/\/www.waldemarstoffel.com\/urban-spaces-12\/\" class=\"wp-image-237\" srcset=\"http:\/\/www.waldemarstoffel.com\/cms\/uploads\/urban-spaces_12.jpg 738w, http:\/\/www.waldemarstoffel.com\/cms\/uploads\/urban-spaces_12-246x300.jpg 246w\" sizes=\"auto, (max-width: 738px) 100vw, 738px\" \/><figcaption class=\"coblocks-gallery--caption\">Anvers<\/figcaption><\/figure><\/li><li class=\"coblocks-gallery--item\"><figure class=\"coblocks-gallery--figure\"><img loading=\"lazy\" decoding=\"async\" width=\"1000\" height=\"820\" src=\"http:\/\/www.waldemarstoffel.com\/cms\/uploads\/urban-spaces_13.jpg\" alt=\"\" data-id=\"238\" data-imglink=\"\" data-link=\"http:\/\/www.waldemarstoffel.com\/urban-spaces-13\/\" class=\"wp-image-238\" srcset=\"http:\/\/www.waldemarstoffel.com\/cms\/uploads\/urban-spaces_13.jpg 1000w, http:\/\/www.waldemarstoffel.com\/cms\/uploads\/urban-spaces_13-300x246.jpg 300w, http:\/\/www.waldemarstoffel.com\/cms\/uploads\/urban-spaces_13-768x630.jpg 768w\" sizes=\"auto, (max-width: 1000px) 100vw, 1000px\" \/><figcaption class=\"coblocks-gallery--caption\">Anvers<\/figcaption><\/figure><\/li><li class=\"coblocks-gallery--item\"><figure class=\"coblocks-gallery--figure\"><img loading=\"lazy\" decoding=\"async\" width=\"1000\" height=\"820\" src=\"http:\/\/www.waldemarstoffel.com\/cms\/uploads\/urban-spaces_14.jpg\" alt=\"\" data-id=\"239\" data-imglink=\"\" data-link=\"http:\/\/www.waldemarstoffel.com\/urban-spaces-14\/\" class=\"wp-image-239\" srcset=\"http:\/\/www.waldemarstoffel.com\/cms\/uploads\/urban-spaces_14.jpg 1000w, http:\/\/www.waldemarstoffel.com\/cms\/uploads\/urban-spaces_14-300x246.jpg 300w, http:\/\/www.waldemarstoffel.com\/cms\/uploads\/urban-spaces_14-768x630.jpg 768w\" sizes=\"auto, (max-width: 1000px) 100vw, 1000px\" \/><figcaption class=\"coblocks-gallery--caption\">Anvers<\/figcaption><\/figure><\/li><li class=\"coblocks-gallery--item\"><figure class=\"coblocks-gallery--figure\"><img loading=\"lazy\" decoding=\"async\" width=\"1000\" height=\"820\" src=\"http:\/\/www.waldemarstoffel.com\/cms\/uploads\/urban-spaces_15.jpg\" alt=\"\" data-id=\"240\" data-imglink=\"\" data-link=\"http:\/\/www.waldemarstoffel.com\/urban-spaces-15\/\" class=\"wp-image-240\" srcset=\"http:\/\/www.waldemarstoffel.com\/cms\/uploads\/urban-spaces_15.jpg 1000w, http:\/\/www.waldemarstoffel.com\/cms\/uploads\/urban-spaces_15-300x246.jpg 300w, http:\/\/www.waldemarstoffel.com\/cms\/uploads\/urban-spaces_15-768x630.jpg 768w\" sizes=\"auto, (max-width: 1000px) 100vw, 1000px\" \/><figcaption class=\"coblocks-gallery--caption\">Anvers<\/figcaption><\/figure><\/li><\/ul><\/div><\/div>\n","protected":false},"excerpt":{"rendered":"<p>Ce groupe est en fait divis\u00e9 en deux s\u00e9ries. Les diff\u00e9rentes visions architecturales produisent des id\u00e9es \u00e9galement diff\u00e9rentes sur l&rsquo;usage de l\u2019espace entre les b\u00e2timents. Ce que cet espace doit espace r\u00e9ussir. Avant, il \u00e9tait important que la lessive soit s\u00e8che, aujourd\u2019hui on pense plus aux enfants qui jouent. Un autre aspect des espaces urbains [&hellip;]<\/p>\n","protected":false},"author":8966,"featured_media":0,"parent":25,"menu_order":15,"comment_status":"closed","ping_status":"closed","template":"","meta":{"_coblocks_attr":"","_coblocks_dimensions":"","_coblocks_responsive_height":"","_coblocks_accordion_ie_support":"","footnotes":""},"class_list":["post-90","page","type-page","status-publish","hentry"],"_links":{"self":[{"href":"http:\/\/www.waldemarstoffel.com\/fr\/wp-json\/wp\/v2\/pages\/90","targetHints":{"allow":["GET"]}}],"collection":[{"href":"http:\/\/www.waldemarstoffel.com\/fr\/wp-json\/wp\/v2\/pages"}],"about":[{"href":"http:\/\/www.waldemarstoffel.com\/fr\/wp-json\/wp\/v2\/types\/page"}],"author":[{"embeddable":true,"href":"http:\/\/www.waldemarstoffel.com\/fr\/wp-json\/wp\/v2\/users\/8966"}],"replies":[{"embeddable":true,"href":"http:\/\/www.waldemarstoffel.com\/fr\/wp-json\/wp\/v2\/comments?post=90"}],"version-history":[{"count":3,"href":"http:\/\/www.waldemarstoffel.com\/fr\/wp-json\/wp\/v2\/pages\/90\/revisions"}],"predecessor-version":[{"id":94,"href":"http:\/\/www.waldemarstoffel.com\/fr\/wp-json\/wp\/v2\/pages\/90\/revisions\/94"}],"up":[{"embeddable":true,"href":"http:\/\/www.waldemarstoffel.com\/fr\/wp-json\/wp\/v2\/pages\/25"}],"wp:attachment":[{"href":"http:\/\/www.waldemarstoffel.com\/fr\/wp-json\/wp\/v2\/media?parent=90"}],"curies":[{"name":"wp","href":"https:\/\/api.w.org\/{rel}","templated":true}]}}