{"id":20,"date":"2021-04-08T11:53:53","date_gmt":"2021-04-08T08:53:53","guid":{"rendered":"http:\/\/www.waldemarstoffel.com\/nl\/?page_id=20"},"modified":"2021-05-26T21:26:16","modified_gmt":"2021-05-26T18:26:16","slug":"vita","status":"publish","type":"page","link":"http:\/\/www.waldemarstoffel.com\/nl\/vita\/","title":{"rendered":"Vita"},"content":{"rendered":"\n<div class=\"wp-block-columns is-layout-flex wp-container-core-columns-is-layout-28f84493 wp-block-columns-is-layout-flex\">\n<div class=\"wp-block-column is-layout-flow wp-block-column-is-layout-flow\" style=\"flex-basis:100%\">\n<div class=\"wp-block-columns is-layout-flex wp-container-core-columns-is-layout-28f84493 wp-block-columns-is-layout-flex\">\n<div class=\"wp-block-column is-layout-flow wp-block-column-is-layout-flow\">\n<h2 class=\"wp-block-heading\">Solotentoonstellingen<\/h2>\n\n\n\n<p>1991 Impressionen, Bonn<br>1993 metamorphose, Bonn<br>1995 Portraits, Bonn<br>2000 People on the Street, Antwerpen<br>2006 \u00a1Atenci\u00f3n patarras bleonas!, Hollfeld<br>2008 Kerlescan, Bonn<\/p>\n\n\n\n<h2 class=\"wp-block-heading\">Groepstentoonstellingen<\/h2>\n\n\n\n<p>1991 Von B\u00e4rlin nach Bonn, Bonn<br>1995 Fluxus, Antwerpen<br>1996 De laatste stuiptrekking, Antwerpen<br>1997 100 kilo kunst, Antwerpen<br>1999 Psych Out, Antwerpen<br>2000 2. Leipziger Messe f\u00fcr junge Kunst, Leipzig<br>2000 Bloeiend Hart. Antwerpen<br>2000 Bloeiend Hart 2, Antwerpen<br>2001 3. Leipziger Messe f\u00fcr junge Kunst, Leipzig<br>2001 Odyssee 2000+1, Symposium, Flensburg<br>2001 A[rt]ssenede 2001, Assenede<br>2002 24. Internationale Kunstausstellung, Hollfeld<br>2002 Camping Sanseveria, Kalmthout<br>2002 Alles nur ein Traum?, Hilden<br>2003 Free Martin Zet!, Bialystok<br>2004 ARTiges, Ottobrunn<br>2004 26. Internationale Kunstausstellung, Hollfeld<\/p>\n\n\n\n<h2 class=\"wp-block-heading\">Kunstprijzen<\/h2>\n\n\n\n<p>2004 F\u00f6rderpreis der Kreissparkasse Bayreuth<br>2004 Ehrenvolle Erw\u00e4hnung beim IPA<br>2004 Selektion f\u00fcr den Kunstpreis der Stadt Bonn<\/p>\n<\/div>\n\n\n\n<div class=\"wp-block-column is-layout-flow wp-block-column-is-layout-flow\">\n<figure class=\"wp-block-image size-medium is-resized is-style-default\"><img loading=\"lazy\" decoding=\"async\" src=\"http:\/\/www.waldemarstoffel.com\/cms\/uploads\/stoffel_02-300x225.jpg\" alt=\"Waldemar Stoffel\" class=\"wp-image-42\" width=\"285\" height=\"214\" srcset=\"http:\/\/www.waldemarstoffel.com\/cms\/uploads\/stoffel_02-300x225.jpg 300w, http:\/\/www.waldemarstoffel.com\/cms\/uploads\/stoffel_02-768x576.jpg 768w, http:\/\/www.waldemarstoffel.com\/cms\/uploads\/stoffel_02.jpg 800w\" sizes=\"auto, (max-width: 285px) 100vw, 285px\" \/><\/figure>\n\n\n\n<h2 class=\"wp-block-heading\"><span style=\"color:#d6d6d6\" class=\"has-inline-color\">Space<\/span><\/h2>\n\n\n\n<p>2005 Huntenkunst, Doetinchem<br>2006 7. Miniaturausstellung, F\u00fcrstenwalde<br>2006 Huntenkunst, Doetinchem<br>2007 Huntenkunst, Doetinchem<br>2007 Personal Spaces, Bonn<br>2007 Parallel Worlds, Bonn<br>2007 S\u00fcdstART, Bonn<br>2007 Cheap Art Sensation, Bonn<br>2008 Huntenkunst, Doetinchem<br>2008 S\u00fcdstART, Bonn<br>2008 Cheap Art Sensation, Bonn<br>2009 Polaroid, Bonn<br>2009 S\u00fcdstART, Bonn<br>2009 Cheap Art Sensation, Bonn<br>2010 S\u00fcdstART, Bonn<br>2010 Cheap Art Sensation, Bonn<\/p>\n<\/div>\n<\/div>\n<\/div>\n<\/div>\n","protected":false},"excerpt":{"rendered":"<p>Solotentoonstellingen 1991 Impressionen, Bonn1993 metamorphose, Bonn1995 Portraits, Bonn2000 People on the Street, Antwerpen2006 \u00a1Atenci\u00f3n patarras bleonas!, Hollfeld2008 Kerlescan, Bonn Groepstentoonstellingen 1991 Von B\u00e4rlin nach Bonn, Bonn1995 Fluxus, Antwerpen1996 De laatste stuiptrekking, Antwerpen1997 100 kilo kunst, Antwerpen1999 Psych Out, Antwerpen2000 2. Leipziger Messe f\u00fcr junge Kunst, Leipzig2000 Bloeiend Hart. Antwerpen2000 Bloeiend Hart 2, Antwerpen2001 3. Leipziger [&hellip;]<\/p>\n","protected":false},"author":8966,"featured_media":0,"parent":0,"menu_order":0,"comment_status":"closed","ping_status":"closed","template":"","meta":{"_coblocks_attr":"","_coblocks_dimensions":"","_coblocks_responsive_height":"","_coblocks_accordion_ie_support":"","footnotes":""},"class_list":["post-20","page","type-page","status-publish","hentry"],"_links":{"self":[{"href":"http:\/\/www.waldemarstoffel.com\/nl\/wp-json\/wp\/v2\/pages\/20","targetHints":{"allow":["GET"]}}],"collection":[{"href":"http:\/\/www.waldemarstoffel.com\/nl\/wp-json\/wp\/v2\/pages"}],"about":[{"href":"http:\/\/www.waldemarstoffel.com\/nl\/wp-json\/wp\/v2\/types\/page"}],"author":[{"embeddable":true,"href":"http:\/\/www.waldemarstoffel.com\/nl\/wp-json\/wp\/v2\/users\/8966"}],"replies":[{"embeddable":true,"href":"http:\/\/www.waldemarstoffel.com\/nl\/wp-json\/wp\/v2\/comments?post=20"}],"version-history":[{"count":3,"href":"http:\/\/www.waldemarstoffel.com\/nl\/wp-json\/wp\/v2\/pages\/20\/revisions"}],"predecessor-version":[{"id":120,"href":"http:\/\/www.waldemarstoffel.com\/nl\/wp-json\/wp\/v2\/pages\/20\/revisions\/120"}],"wp:attachment":[{"href":"http:\/\/www.waldemarstoffel.com\/nl\/wp-json\/wp\/v2\/media?parent=20"}],"curies":[{"name":"wp","href":"https:\/\/api.w.org\/{rel}","templated":true}]}}