{"id":101,"date":"2021-04-12T12:01:18","date_gmt":"2021-04-12T09:01:18","guid":{"rendered":"http:\/\/www.waldemarstoffel.com\/sv\/?page_id=101"},"modified":"2021-04-12T12:01:18","modified_gmt":"2021-04-12T09:01:18","slug":"herbarium-i","status":"publish","type":"page","link":"http:\/\/www.waldemarstoffel.com\/sv\/galleri\/herbarium-i\/","title":{"rendered":"Herbarium I"},"content":{"rendered":"\n<p>De h\u00e4r Polaroid Image Transfers av plantar gjordes i maj 2005 speciellt f\u00f6r konstm\u00e4ssan Huntenkunst<br>i Doetinchem.<\/p>\n\n\n\n<div class=\"wp-block-coblocks-gallery-masonry alignwide\"><div class=\"coblocks-gallery has-caption-style-dark has-gutter has-lightbox\"><ul class=\"has-grid-med has-gutter-15 has-gutter-mobile-15\"><li class=\"coblocks-gallery--item\"><figure class=\"coblocks-gallery--figure\"><img loading=\"lazy\" decoding=\"async\" width=\"738\" height=\"954\" src=\"http:\/\/www.waldemarstoffel.com\/cms\/uploads\/herbarium-I_01.jpg\" alt=\"\" data-id=\"287\" data-imglink=\"\" data-link=\"http:\/\/www.waldemarstoffel.com\/herbarium-i\/\" class=\"wp-image-287\" srcset=\"http:\/\/www.waldemarstoffel.com\/cms\/uploads\/herbarium-I_01.jpg 738w, http:\/\/www.waldemarstoffel.com\/cms\/uploads\/herbarium-I_01-232x300.jpg 232w\" sizes=\"auto, (max-width: 738px) 100vw, 738px\" \/><\/figure><\/li><li class=\"coblocks-gallery--item\"><figure class=\"coblocks-gallery--figure\"><img loading=\"lazy\" decoding=\"async\" width=\"738\" height=\"954\" src=\"http:\/\/www.waldemarstoffel.com\/cms\/uploads\/herbarium-I_02.jpg\" alt=\"\" data-id=\"288\" data-imglink=\"\" data-link=\"http:\/\/www.waldemarstoffel.com\/herbarium-i-2\/\" class=\"wp-image-288\" srcset=\"http:\/\/www.waldemarstoffel.com\/cms\/uploads\/herbarium-I_02.jpg 738w, http:\/\/www.waldemarstoffel.com\/cms\/uploads\/herbarium-I_02-232x300.jpg 232w\" sizes=\"auto, (max-width: 738px) 100vw, 738px\" \/><\/figure><\/li><li class=\"coblocks-gallery--item\"><figure class=\"coblocks-gallery--figure\"><img loading=\"lazy\" decoding=\"async\" width=\"738\" height=\"954\" src=\"http:\/\/www.waldemarstoffel.com\/cms\/uploads\/herbarium-I_03.jpg\" alt=\"\" data-id=\"289\" data-imglink=\"\" data-link=\"http:\/\/www.waldemarstoffel.com\/herbarium-i-3\/\" class=\"wp-image-289\" srcset=\"http:\/\/www.waldemarstoffel.com\/cms\/uploads\/herbarium-I_03.jpg 738w, http:\/\/www.waldemarstoffel.com\/cms\/uploads\/herbarium-I_03-232x300.jpg 232w\" sizes=\"auto, (max-width: 738px) 100vw, 738px\" \/><\/figure><\/li><li class=\"coblocks-gallery--item\"><figure class=\"coblocks-gallery--figure\"><img loading=\"lazy\" decoding=\"async\" width=\"738\" height=\"954\" src=\"http:\/\/www.waldemarstoffel.com\/cms\/uploads\/herbarium-I_04.jpg\" alt=\"\" data-id=\"290\" data-imglink=\"\" data-link=\"http:\/\/www.waldemarstoffel.com\/herbarium-i-4\/\" class=\"wp-image-290\" srcset=\"http:\/\/www.waldemarstoffel.com\/cms\/uploads\/herbarium-I_04.jpg 738w, http:\/\/www.waldemarstoffel.com\/cms\/uploads\/herbarium-I_04-232x300.jpg 232w\" sizes=\"auto, (max-width: 738px) 100vw, 738px\" \/><\/figure><\/li><li class=\"coblocks-gallery--item\"><figure class=\"coblocks-gallery--figure\"><img loading=\"lazy\" decoding=\"async\" width=\"738\" height=\"954\" src=\"http:\/\/www.waldemarstoffel.com\/cms\/uploads\/herbarium-I_05.jpg\" alt=\"\" data-id=\"291\" data-imglink=\"\" data-link=\"http:\/\/www.waldemarstoffel.com\/herbarium-i-5\/\" class=\"wp-image-291\" srcset=\"http:\/\/www.waldemarstoffel.com\/cms\/uploads\/herbarium-I_05.jpg 738w, http:\/\/www.waldemarstoffel.com\/cms\/uploads\/herbarium-I_05-232x300.jpg 232w\" sizes=\"auto, (max-width: 738px) 100vw, 738px\" \/><\/figure><\/li><li class=\"coblocks-gallery--item\"><figure class=\"coblocks-gallery--figure\"><img loading=\"lazy\" decoding=\"async\" width=\"738\" height=\"954\" src=\"http:\/\/www.waldemarstoffel.com\/cms\/uploads\/herbarium-I_06.jpg\" alt=\"\" data-id=\"292\" data-imglink=\"\" data-link=\"http:\/\/www.waldemarstoffel.com\/herbarium-i-6\/\" class=\"wp-image-292\" srcset=\"http:\/\/www.waldemarstoffel.com\/cms\/uploads\/herbarium-I_06.jpg 738w, http:\/\/www.waldemarstoffel.com\/cms\/uploads\/herbarium-I_06-232x300.jpg 232w\" sizes=\"auto, (max-width: 738px) 100vw, 738px\" \/><\/figure><\/li><li class=\"coblocks-gallery--item\"><figure class=\"coblocks-gallery--figure\"><img loading=\"lazy\" decoding=\"async\" width=\"738\" height=\"954\" src=\"http:\/\/www.waldemarstoffel.com\/cms\/uploads\/herbarium-I_07.jpg\" alt=\"\" data-id=\"293\" data-imglink=\"\" data-link=\"http:\/\/www.waldemarstoffel.com\/herbarium-i-7\/\" class=\"wp-image-293\" srcset=\"http:\/\/www.waldemarstoffel.com\/cms\/uploads\/herbarium-I_07.jpg 738w, http:\/\/www.waldemarstoffel.com\/cms\/uploads\/herbarium-I_07-232x300.jpg 232w\" sizes=\"auto, (max-width: 738px) 100vw, 738px\" \/><\/figure><\/li><\/ul><\/div><\/div>\n","protected":false},"excerpt":{"rendered":"<p>De h\u00e4r Polaroid Image Transfers av plantar gjordes i maj 2005 speciellt f\u00f6r konstm\u00e4ssan Huntenkunsti Doetinchem.<\/p>\n","protected":false},"author":8966,"featured_media":0,"parent":26,"menu_order":18,"comment_status":"closed","ping_status":"closed","template":"","meta":{"_coblocks_attr":"","_coblocks_dimensions":"","_coblocks_responsive_height":"","_coblocks_accordion_ie_support":"","footnotes":""},"class_list":["post-101","page","type-page","status-publish","hentry"],"_links":{"self":[{"href":"http:\/\/www.waldemarstoffel.com\/sv\/wp-json\/wp\/v2\/pages\/101","targetHints":{"allow":["GET"]}}],"collection":[{"href":"http:\/\/www.waldemarstoffel.com\/sv\/wp-json\/wp\/v2\/pages"}],"about":[{"href":"http:\/\/www.waldemarstoffel.com\/sv\/wp-json\/wp\/v2\/types\/page"}],"author":[{"embeddable":true,"href":"http:\/\/www.waldemarstoffel.com\/sv\/wp-json\/wp\/v2\/users\/8966"}],"replies":[{"embeddable":true,"href":"http:\/\/www.waldemarstoffel.com\/sv\/wp-json\/wp\/v2\/comments?post=101"}],"version-history":[{"count":2,"href":"http:\/\/www.waldemarstoffel.com\/sv\/wp-json\/wp\/v2\/pages\/101\/revisions"}],"predecessor-version":[{"id":103,"href":"http:\/\/www.waldemarstoffel.com\/sv\/wp-json\/wp\/v2\/pages\/101\/revisions\/103"}],"up":[{"embeddable":true,"href":"http:\/\/www.waldemarstoffel.com\/sv\/wp-json\/wp\/v2\/pages\/26"}],"wp:attachment":[{"href":"http:\/\/www.waldemarstoffel.com\/sv\/wp-json\/wp\/v2\/media?parent=101"}],"curies":[{"name":"wp","href":"https:\/\/api.w.org\/{rel}","templated":true}]}}