{"id":48,"date":"2021-04-09T23:52:41","date_gmt":"2021-04-09T20:52:41","guid":{"rendered":"http:\/\/www.waldemarstoffel.com\/sv\/?page_id=48"},"modified":"2021-04-09T23:52:42","modified_gmt":"2021-04-09T20:52:42","slug":"millimeters-in-het-millenium","status":"publish","type":"page","link":"http:\/\/www.waldemarstoffel.com\/sv\/galleri\/millimeters-in-het-millenium\/","title":{"rendered":"Millimeters in het Millenium"},"content":{"rendered":"\n<div class=\"wp-block-columns is-layout-flex wp-container-core-columns-is-layout-28f84493 wp-block-columns-is-layout-flex\">\n<div class=\"wp-block-column is-layout-flow wp-block-column-is-layout-flow\">\n<figure class=\"wp-block-image size-large has-lightbox\"><img loading=\"lazy\" decoding=\"async\" width=\"600\" height=\"800\" src=\"http:\/\/www.waldemarstoffel.com\/cms\/uploads\/millimeters_01.jpg\" alt=\"\" class=\"wp-image-110\" srcset=\"http:\/\/www.waldemarstoffel.com\/cms\/uploads\/millimeters_01.jpg 600w, http:\/\/www.waldemarstoffel.com\/cms\/uploads\/millimeters_01-225x300.jpg 225w\" sizes=\"auto, (max-width: 600px) 100vw, 600px\" \/><\/figure>\n<\/div>\n\n\n\n<div class=\"wp-block-column is-layout-flow wp-block-column-is-layout-flow\">\n<p>Millimeters in het Millenium, samling med dikter av Jean Pierre van Ophem.<\/p>\n\n\n\n<p>Med illustrationer fr\u00e5n Fred Bervoets, Wout Vercammen, Freddy Devierman, Nicholas Andrews, Niko van Stichel och andra.<\/p>\n\n\n\n<p>Kombination av tv\u00e5 Polaroid Image Transfers,<br>format 19,5 x 25 cm.<\/p>\n\n\n\n<p>Utgivande p\u00e5 22 december 2000.<\/p>\n<\/div>\n<\/div>\n\n\n\n<p><\/p>\n","protected":false},"excerpt":{"rendered":"<p>Millimeters in het Millenium, samling med dikter av Jean Pierre van Ophem. Med illustrationer fr\u00e5n Fred Bervoets, Wout Vercammen, Freddy Devierman, Nicholas Andrews, Niko van Stichel och andra. Kombination av tv\u00e5 Polaroid Image Transfers,format 19,5 x 25 cm. Utgivande p\u00e5 22 december 2000.<\/p>\n","protected":false},"author":8966,"featured_media":0,"parent":26,"menu_order":6,"comment_status":"closed","ping_status":"closed","template":"","meta":{"_coblocks_attr":"","_coblocks_dimensions":"","_coblocks_responsive_height":"","_coblocks_accordion_ie_support":"","footnotes":""},"class_list":["post-48","page","type-page","status-publish","hentry"],"_links":{"self":[{"href":"http:\/\/www.waldemarstoffel.com\/sv\/wp-json\/wp\/v2\/pages\/48","targetHints":{"allow":["GET"]}}],"collection":[{"href":"http:\/\/www.waldemarstoffel.com\/sv\/wp-json\/wp\/v2\/pages"}],"about":[{"href":"http:\/\/www.waldemarstoffel.com\/sv\/wp-json\/wp\/v2\/types\/page"}],"author":[{"embeddable":true,"href":"http:\/\/www.waldemarstoffel.com\/sv\/wp-json\/wp\/v2\/users\/8966"}],"replies":[{"embeddable":true,"href":"http:\/\/www.waldemarstoffel.com\/sv\/wp-json\/wp\/v2\/comments?post=48"}],"version-history":[{"count":2,"href":"http:\/\/www.waldemarstoffel.com\/sv\/wp-json\/wp\/v2\/pages\/48\/revisions"}],"predecessor-version":[{"id":50,"href":"http:\/\/www.waldemarstoffel.com\/sv\/wp-json\/wp\/v2\/pages\/48\/revisions\/50"}],"up":[{"embeddable":true,"href":"http:\/\/www.waldemarstoffel.com\/sv\/wp-json\/wp\/v2\/pages\/26"}],"wp:attachment":[{"href":"http:\/\/www.waldemarstoffel.com\/sv\/wp-json\/wp\/v2\/media?parent=48"}],"curies":[{"name":"wp","href":"https:\/\/api.w.org\/{rel}","templated":true}]}}