{"id":70,"date":"2021-04-10T11:00:42","date_gmt":"2021-04-10T08:00:42","guid":{"rendered":"http:\/\/www.waldemarstoffel.com\/sv\/?page_id=70"},"modified":"2021-04-10T11:00:43","modified_gmt":"2021-04-10T08:00:43","slug":"vattentorn","status":"publish","type":"page","link":"http:\/\/www.waldemarstoffel.com\/sv\/galleri\/vattentorn\/","title":{"rendered":"Vattentorn"},"content":{"rendered":"\n<p>Serien av vattentorn i Belgien p\u00e5b\u00f6rjade fr\u00e5n ett intresse i ett belgiskt fenomen. De byggde s\u00e5 m\u00e5nga &#8221;fula saker&#8221; att leva i p\u00e5 70-talet..<\/p>\n\n\n\n<p>Att ha olika byggh\u00f6jder p\u00e5 samma gatan, d\u00e4r det finns 3-v\u00e5ningshus bredvid 9-v\u00e5ningshus, \u00e4r k\u00e4nt i arkitekturen som brysselisering.<\/p>\n\n\n\n<p>Och p\u00e5 andra sidan finns det s\u00e5 m\u00e5nga underbara vattentorn fr\u00e5n 60- och 70-talet.<\/p>\n\n\n\n<div class=\"wp-block-coblocks-gallery-masonry alignwide\"><div class=\"coblocks-gallery has-caption-style-dark has-gutter has-lightbox\"><ul class=\"has-grid-med has-gutter-15 has-gutter-mobile-15\"><li class=\"coblocks-gallery--item\"><figure class=\"coblocks-gallery--figure\"><img loading=\"lazy\" decoding=\"async\" width=\"600\" height=\"750\" src=\"http:\/\/www.waldemarstoffel.com\/cms\/uploads\/watertowers_01.jpg\" alt=\"\" data-id=\"87\" data-imglink=\"\" data-link=\"http:\/\/www.waldemarstoffel.com\/watertowers\/\" class=\"wp-image-87\" srcset=\"http:\/\/www.waldemarstoffel.com\/cms\/uploads\/watertowers_01.jpg 600w, http:\/\/www.waldemarstoffel.com\/cms\/uploads\/watertowers_01-240x300.jpg 240w\" sizes=\"auto, (max-width: 600px) 100vw, 600px\" \/><figcaption class=\"coblocks-gallery--caption\">Geel<\/figcaption><\/figure><\/li><li class=\"coblocks-gallery--item\"><figure class=\"coblocks-gallery--figure\"><img loading=\"lazy\" decoding=\"async\" width=\"600\" height=\"750\" src=\"http:\/\/www.waldemarstoffel.com\/cms\/uploads\/watertowers_02.jpg\" alt=\"\" data-id=\"88\" data-imglink=\"\" data-link=\"http:\/\/www.waldemarstoffel.com\/watertowers-2\/\" class=\"wp-image-88\" srcset=\"http:\/\/www.waldemarstoffel.com\/cms\/uploads\/watertowers_02.jpg 600w, http:\/\/www.waldemarstoffel.com\/cms\/uploads\/watertowers_02-240x300.jpg 240w\" sizes=\"auto, (max-width: 600px) 100vw, 600px\" \/><figcaption class=\"coblocks-gallery--caption\">Herentals<\/figcaption><\/figure><\/li><li class=\"coblocks-gallery--item\"><figure class=\"coblocks-gallery--figure\"><img loading=\"lazy\" decoding=\"async\" width=\"600\" height=\"750\" src=\"http:\/\/www.waldemarstoffel.com\/cms\/uploads\/watertowers_03.jpg\" alt=\"\" data-id=\"89\" data-imglink=\"\" data-link=\"http:\/\/www.waldemarstoffel.com\/watertowers-3\/\" class=\"wp-image-89\" srcset=\"http:\/\/www.waldemarstoffel.com\/cms\/uploads\/watertowers_03.jpg 600w, http:\/\/www.waldemarstoffel.com\/cms\/uploads\/watertowers_03-240x300.jpg 240w\" sizes=\"auto, (max-width: 600px) 100vw, 600px\" \/><figcaption class=\"coblocks-gallery--caption\">Mechelen Noord<\/figcaption><\/figure><\/li><li class=\"coblocks-gallery--item\"><figure class=\"coblocks-gallery--figure\"><img loading=\"lazy\" decoding=\"async\" width=\"600\" height=\"750\" src=\"http:\/\/www.waldemarstoffel.com\/cms\/uploads\/watertowers_04.jpg\" alt=\"\" data-id=\"90\" data-imglink=\"\" data-link=\"http:\/\/www.waldemarstoffel.com\/watertowers-4\/\" class=\"wp-image-90\" srcset=\"http:\/\/www.waldemarstoffel.com\/cms\/uploads\/watertowers_04.jpg 600w, http:\/\/www.waldemarstoffel.com\/cms\/uploads\/watertowers_04-240x300.jpg 240w\" sizes=\"auto, (max-width: 600px) 100vw, 600px\" \/><figcaption class=\"coblocks-gallery--caption\">Mechelen Zuid<\/figcaption><\/figure><\/li><li class=\"coblocks-gallery--item\"><figure class=\"coblocks-gallery--figure\"><img loading=\"lazy\" decoding=\"async\" width=\"600\" height=\"750\" src=\"http:\/\/www.waldemarstoffel.com\/cms\/uploads\/watertowers_05.jpg\" alt=\"\" data-id=\"91\" data-imglink=\"\" data-link=\"http:\/\/www.waldemarstoffel.com\/watertowers-5\/\" class=\"wp-image-91\" srcset=\"http:\/\/www.waldemarstoffel.com\/cms\/uploads\/watertowers_05.jpg 600w, http:\/\/www.waldemarstoffel.com\/cms\/uploads\/watertowers_05-240x300.jpg 240w\" sizes=\"auto, (max-width: 600px) 100vw, 600px\" \/><figcaption class=\"coblocks-gallery--caption\">Duffel<\/figcaption><\/figure><\/li><li class=\"coblocks-gallery--item\"><figure class=\"coblocks-gallery--figure\"><img loading=\"lazy\" decoding=\"async\" width=\"600\" height=\"750\" src=\"http:\/\/www.waldemarstoffel.com\/cms\/uploads\/watertowers_06.jpg\" alt=\"\" data-id=\"92\" data-imglink=\"\" data-link=\"http:\/\/www.waldemarstoffel.com\/watertowers-6\/\" class=\"wp-image-92\" srcset=\"http:\/\/www.waldemarstoffel.com\/cms\/uploads\/watertowers_06.jpg 600w, http:\/\/www.waldemarstoffel.com\/cms\/uploads\/watertowers_06-240x300.jpg 240w\" sizes=\"auto, (max-width: 600px) 100vw, 600px\" \/><figcaption class=\"coblocks-gallery--caption\">Tienen<\/figcaption><\/figure><\/li><li class=\"coblocks-gallery--item\"><figure class=\"coblocks-gallery--figure\"><img loading=\"lazy\" decoding=\"async\" width=\"600\" height=\"750\" src=\"http:\/\/www.waldemarstoffel.com\/cms\/uploads\/watertowers_07.jpg\" alt=\"\" data-id=\"93\" data-imglink=\"\" data-link=\"http:\/\/www.waldemarstoffel.com\/watertowers-7\/\" class=\"wp-image-93\" srcset=\"http:\/\/www.waldemarstoffel.com\/cms\/uploads\/watertowers_07.jpg 600w, http:\/\/www.waldemarstoffel.com\/cms\/uploads\/watertowers_07-240x300.jpg 240w\" sizes=\"auto, (max-width: 600px) 100vw, 600px\" \/><figcaption class=\"coblocks-gallery--caption\">Bierbeek<\/figcaption><\/figure><\/li><li class=\"coblocks-gallery--item\"><figure class=\"coblocks-gallery--figure\"><img loading=\"lazy\" decoding=\"async\" width=\"600\" height=\"750\" src=\"http:\/\/www.waldemarstoffel.com\/cms\/uploads\/watertowers_08.jpg\" alt=\"\" data-id=\"94\" data-imglink=\"\" data-link=\"http:\/\/www.waldemarstoffel.com\/watertowers-8\/\" class=\"wp-image-94\" srcset=\"http:\/\/www.waldemarstoffel.com\/cms\/uploads\/watertowers_08.jpg 600w, http:\/\/www.waldemarstoffel.com\/cms\/uploads\/watertowers_08-240x300.jpg 240w\" sizes=\"auto, (max-width: 600px) 100vw, 600px\" \/><figcaption class=\"coblocks-gallery--caption\">Lantin<\/figcaption><\/figure><\/li><li class=\"coblocks-gallery--item\"><figure class=\"coblocks-gallery--figure\"><img loading=\"lazy\" decoding=\"async\" width=\"600\" height=\"750\" src=\"http:\/\/www.waldemarstoffel.com\/cms\/uploads\/watertowers_09.jpg\" alt=\"\" data-id=\"95\" data-imglink=\"\" data-link=\"http:\/\/www.waldemarstoffel.com\/watertowers-9\/\" class=\"wp-image-95\" srcset=\"http:\/\/www.waldemarstoffel.com\/cms\/uploads\/watertowers_09.jpg 600w, http:\/\/www.waldemarstoffel.com\/cms\/uploads\/watertowers_09-240x300.jpg 240w\" sizes=\"auto, (max-width: 600px) 100vw, 600px\" \/><figcaption class=\"coblocks-gallery--caption\">Herstal<\/figcaption><\/figure><\/li><li class=\"coblocks-gallery--item\"><figure class=\"coblocks-gallery--figure\"><img loading=\"lazy\" decoding=\"async\" width=\"600\" height=\"750\" src=\"http:\/\/www.waldemarstoffel.com\/cms\/uploads\/watertowers_10.jpg\" alt=\"\" data-id=\"96\" data-imglink=\"\" data-link=\"http:\/\/www.waldemarstoffel.com\/watertowers-10\/\" class=\"wp-image-96\" srcset=\"http:\/\/www.waldemarstoffel.com\/cms\/uploads\/watertowers_10.jpg 600w, http:\/\/www.waldemarstoffel.com\/cms\/uploads\/watertowers_10-240x300.jpg 240w\" sizes=\"auto, (max-width: 600px) 100vw, 600px\" \/><figcaption class=\"coblocks-gallery--caption\">Meer<\/figcaption><\/figure><\/li><li class=\"coblocks-gallery--item\"><figure class=\"coblocks-gallery--figure\"><img loading=\"lazy\" decoding=\"async\" width=\"600\" height=\"750\" src=\"http:\/\/www.waldemarstoffel.com\/cms\/uploads\/watertowers_11.jpg\" alt=\"\" data-id=\"97\" data-imglink=\"\" data-link=\"http:\/\/www.waldemarstoffel.com\/watertowers-11\/\" class=\"wp-image-97\" srcset=\"http:\/\/www.waldemarstoffel.com\/cms\/uploads\/watertowers_11.jpg 600w, http:\/\/www.waldemarstoffel.com\/cms\/uploads\/watertowers_11-240x300.jpg 240w\" sizes=\"auto, (max-width: 600px) 100vw, 600px\" \/><figcaption class=\"coblocks-gallery--caption\">Hasselt<\/figcaption><\/figure><\/li><li class=\"coblocks-gallery--item\"><figure class=\"coblocks-gallery--figure\"><img loading=\"lazy\" decoding=\"async\" width=\"600\" height=\"750\" src=\"http:\/\/www.waldemarstoffel.com\/cms\/uploads\/watertowers_12.jpg\" alt=\"\" data-id=\"98\" data-imglink=\"\" data-link=\"http:\/\/www.waldemarstoffel.com\/watertowers-12\/\" class=\"wp-image-98\" srcset=\"http:\/\/www.waldemarstoffel.com\/cms\/uploads\/watertowers_12.jpg 600w, http:\/\/www.waldemarstoffel.com\/cms\/uploads\/watertowers_12-240x300.jpg 240w\" sizes=\"auto, (max-width: 600px) 100vw, 600px\" \/><figcaption class=\"coblocks-gallery--caption\">St. Antonius<\/figcaption><\/figure><\/li><li class=\"coblocks-gallery--item\"><figure class=\"coblocks-gallery--figure\"><img loading=\"lazy\" decoding=\"async\" width=\"600\" height=\"750\" src=\"http:\/\/www.waldemarstoffel.com\/cms\/uploads\/watertowers_13.jpg\" alt=\"\" data-id=\"99\" data-imglink=\"\" data-link=\"http:\/\/www.waldemarstoffel.com\/watertowers-13\/\" class=\"wp-image-99\" srcset=\"http:\/\/www.waldemarstoffel.com\/cms\/uploads\/watertowers_13.jpg 600w, http:\/\/www.waldemarstoffel.com\/cms\/uploads\/watertowers_13-240x300.jpg 240w\" sizes=\"auto, (max-width: 600px) 100vw, 600px\" \/><figcaption class=\"coblocks-gallery--caption\">St.-Job-In&#8217;t-Goor<\/figcaption><\/figure><\/li><li class=\"coblocks-gallery--item\"><figure class=\"coblocks-gallery--figure\"><img loading=\"lazy\" decoding=\"async\" width=\"600\" height=\"750\" src=\"http:\/\/www.waldemarstoffel.com\/cms\/uploads\/watertowers_14.jpg\" alt=\"\" data-id=\"100\" data-imglink=\"\" data-link=\"http:\/\/www.waldemarstoffel.com\/watertowers-14\/\" class=\"wp-image-100\" srcset=\"http:\/\/www.waldemarstoffel.com\/cms\/uploads\/watertowers_14.jpg 600w, http:\/\/www.waldemarstoffel.com\/cms\/uploads\/watertowers_14-240x300.jpg 240w\" sizes=\"auto, (max-width: 600px) 100vw, 600px\" \/><figcaption class=\"coblocks-gallery--caption\">Nijlen<\/figcaption><\/figure><\/li><li class=\"coblocks-gallery--item\"><figure class=\"coblocks-gallery--figure\"><img loading=\"lazy\" decoding=\"async\" width=\"600\" height=\"750\" src=\"http:\/\/www.waldemarstoffel.com\/cms\/uploads\/watertowers_15.jpg\" alt=\"\" data-id=\"101\" data-imglink=\"\" data-link=\"http:\/\/www.waldemarstoffel.com\/watertowers-15\/\" class=\"wp-image-101\" srcset=\"http:\/\/www.waldemarstoffel.com\/cms\/uploads\/watertowers_15.jpg 600w, http:\/\/www.waldemarstoffel.com\/cms\/uploads\/watertowers_15-240x300.jpg 240w\" sizes=\"auto, (max-width: 600px) 100vw, 600px\" \/><figcaption class=\"coblocks-gallery--caption\">Wuustwezel<\/figcaption><\/figure><\/li><\/ul><\/div><\/div>\n","protected":false},"excerpt":{"rendered":"<p>Serien av vattentorn i Belgien p\u00e5b\u00f6rjade fr\u00e5n ett intresse i ett belgiskt fenomen. De byggde s\u00e5 m\u00e5nga &#8221;fula saker&#8221; att leva i p\u00e5 70-talet.. Att ha olika byggh\u00f6jder p\u00e5 samma gatan, d\u00e4r det finns 3-v\u00e5ningshus bredvid 9-v\u00e5ningshus, \u00e4r k\u00e4nt i arkitekturen som brysselisering. Och p\u00e5 andra sidan finns det s\u00e5 m\u00e5nga underbara vattentorn fr\u00e5n 60- [&hellip;]<\/p>\n","protected":false},"author":8966,"featured_media":0,"parent":26,"menu_order":11,"comment_status":"closed","ping_status":"closed","template":"","meta":{"_coblocks_attr":"","_coblocks_dimensions":"","_coblocks_responsive_height":"","_coblocks_accordion_ie_support":"","footnotes":""},"class_list":["post-70","page","type-page","status-publish","hentry"],"_links":{"self":[{"href":"http:\/\/www.waldemarstoffel.com\/sv\/wp-json\/wp\/v2\/pages\/70","targetHints":{"allow":["GET"]}}],"collection":[{"href":"http:\/\/www.waldemarstoffel.com\/sv\/wp-json\/wp\/v2\/pages"}],"about":[{"href":"http:\/\/www.waldemarstoffel.com\/sv\/wp-json\/wp\/v2\/types\/page"}],"author":[{"embeddable":true,"href":"http:\/\/www.waldemarstoffel.com\/sv\/wp-json\/wp\/v2\/users\/8966"}],"replies":[{"embeddable":true,"href":"http:\/\/www.waldemarstoffel.com\/sv\/wp-json\/wp\/v2\/comments?post=70"}],"version-history":[{"count":2,"href":"http:\/\/www.waldemarstoffel.com\/sv\/wp-json\/wp\/v2\/pages\/70\/revisions"}],"predecessor-version":[{"id":72,"href":"http:\/\/www.waldemarstoffel.com\/sv\/wp-json\/wp\/v2\/pages\/70\/revisions\/72"}],"up":[{"embeddable":true,"href":"http:\/\/www.waldemarstoffel.com\/sv\/wp-json\/wp\/v2\/pages\/26"}],"wp:attachment":[{"href":"http:\/\/www.waldemarstoffel.com\/sv\/wp-json\/wp\/v2\/media?parent=70"}],"curies":[{"name":"wp","href":"https:\/\/api.w.org\/{rel}","templated":true}]}}