{"id":74,"date":"2021-04-10T14:04:36","date_gmt":"2021-04-10T11:04:36","guid":{"rendered":"http:\/\/www.waldemarstoffel.com\/sv\/?page_id=74"},"modified":"2021-04-10T14:12:39","modified_gmt":"2021-04-10T11:12:39","slug":"park","status":"publish","type":"page","link":"http:\/\/www.waldemarstoffel.com\/sv\/galleri\/park\/","title":{"rendered":"Park"},"content":{"rendered":"\n<p>Studier av urbana rum och landskap leder n\u00e4stan oundvikligen till betraktnigen av mycket speciella urbana rum &#8211; parkerna. De \u00e4r gr\u00f6na \u00f6ar i en stad, som er planerad av landskapsarkitekter.<\/p>\n\n\n\n<p>Dessa foto togs 2002.<\/p>\n\n\n\n<div class=\"wp-block-coblocks-gallery-masonry alignwide\"><div class=\"coblocks-gallery has-caption-style-dark has-gutter has-lightbox\"><ul class=\"has-grid-med has-gutter-15 has-gutter-mobile-15\"><li class=\"coblocks-gallery--item\"><figure class=\"coblocks-gallery--figure\"><img loading=\"lazy\" decoding=\"async\" width=\"1000\" height=\"820\" src=\"http:\/\/www.waldemarstoffel.com\/cms\/uploads\/parks_01.jpg\" alt=\"\" data-id=\"208\" data-imglink=\"\" data-link=\"http:\/\/www.waldemarstoffel.com\/parks\/\" class=\"wp-image-208\" srcset=\"http:\/\/www.waldemarstoffel.com\/cms\/uploads\/parks_01.jpg 1000w, http:\/\/www.waldemarstoffel.com\/cms\/uploads\/parks_01-300x246.jpg 300w, http:\/\/www.waldemarstoffel.com\/cms\/uploads\/parks_01-768x630.jpg 768w\" sizes=\"auto, (max-width: 1000px) 100vw, 1000px\" \/><figcaption class=\"coblocks-gallery--caption\">Park, Euskirchen<\/figcaption><\/figure><\/li><li class=\"coblocks-gallery--item\"><figure class=\"coblocks-gallery--figure\"><img loading=\"lazy\" decoding=\"async\" width=\"1000\" height=\"820\" src=\"http:\/\/www.waldemarstoffel.com\/cms\/uploads\/parks_02.jpg\" alt=\"\" data-id=\"209\" data-imglink=\"\" data-link=\"http:\/\/www.waldemarstoffel.com\/parks-2\/\" class=\"wp-image-209\" srcset=\"http:\/\/www.waldemarstoffel.com\/cms\/uploads\/parks_02.jpg 1000w, http:\/\/www.waldemarstoffel.com\/cms\/uploads\/parks_02-300x246.jpg 300w, http:\/\/www.waldemarstoffel.com\/cms\/uploads\/parks_02-768x630.jpg 768w\" sizes=\"auto, (max-width: 1000px) 100vw, 1000px\" \/><figcaption class=\"coblocks-gallery--caption\">Botaniska Tr\u00e4dg\u00e5rden, Bonn<\/figcaption><\/figure><\/li><li class=\"coblocks-gallery--item\"><figure class=\"coblocks-gallery--figure\"><img loading=\"lazy\" decoding=\"async\" width=\"1000\" height=\"820\" src=\"http:\/\/www.waldemarstoffel.com\/cms\/uploads\/parks_03.jpg\" alt=\"\" data-id=\"210\" data-imglink=\"\" data-link=\"http:\/\/www.waldemarstoffel.com\/parks-3\/\" class=\"wp-image-210\" srcset=\"http:\/\/www.waldemarstoffel.com\/cms\/uploads\/parks_03.jpg 1000w, http:\/\/www.waldemarstoffel.com\/cms\/uploads\/parks_03-300x246.jpg 300w, http:\/\/www.waldemarstoffel.com\/cms\/uploads\/parks_03-768x630.jpg 768w\" sizes=\"auto, (max-width: 1000px) 100vw, 1000px\" \/><figcaption class=\"coblocks-gallery--caption\">Rhen\u00e4ng, Bonn<\/figcaption><\/figure><\/li><li class=\"coblocks-gallery--item\"><figure class=\"coblocks-gallery--figure\"><img loading=\"lazy\" decoding=\"async\" width=\"1000\" height=\"820\" src=\"http:\/\/www.waldemarstoffel.com\/cms\/uploads\/parks_04.jpg\" alt=\"\" data-id=\"211\" data-imglink=\"\" data-link=\"http:\/\/www.waldemarstoffel.com\/parks-4\/\" class=\"wp-image-211\" srcset=\"http:\/\/www.waldemarstoffel.com\/cms\/uploads\/parks_04.jpg 1000w, http:\/\/www.waldemarstoffel.com\/cms\/uploads\/parks_04-300x246.jpg 300w, http:\/\/www.waldemarstoffel.com\/cms\/uploads\/parks_04-768x630.jpg 768w\" sizes=\"auto, (max-width: 1000px) 100vw, 1000px\" \/><figcaption class=\"coblocks-gallery--caption\">Stadspark, Bad Godesberg (Bonn)<\/figcaption><\/figure><\/li><\/ul><\/div><\/div>\n","protected":false},"excerpt":{"rendered":"<p>Studier av urbana rum och landskap leder n\u00e4stan oundvikligen till betraktnigen av mycket speciella urbana rum &#8211; parkerna. De \u00e4r gr\u00f6na \u00f6ar i en stad, som er planerad av landskapsarkitekter. Dessa foto togs 2002.<\/p>\n","protected":false},"author":8966,"featured_media":0,"parent":26,"menu_order":12,"comment_status":"closed","ping_status":"closed","template":"","meta":{"_coblocks_attr":"","_coblocks_dimensions":"","_coblocks_responsive_height":"","_coblocks_accordion_ie_support":"","footnotes":""},"class_list":["post-74","page","type-page","status-publish","hentry"],"_links":{"self":[{"href":"http:\/\/www.waldemarstoffel.com\/sv\/wp-json\/wp\/v2\/pages\/74","targetHints":{"allow":["GET"]}}],"collection":[{"href":"http:\/\/www.waldemarstoffel.com\/sv\/wp-json\/wp\/v2\/pages"}],"about":[{"href":"http:\/\/www.waldemarstoffel.com\/sv\/wp-json\/wp\/v2\/types\/page"}],"author":[{"embeddable":true,"href":"http:\/\/www.waldemarstoffel.com\/sv\/wp-json\/wp\/v2\/users\/8966"}],"replies":[{"embeddable":true,"href":"http:\/\/www.waldemarstoffel.com\/sv\/wp-json\/wp\/v2\/comments?post=74"}],"version-history":[{"count":3,"href":"http:\/\/www.waldemarstoffel.com\/sv\/wp-json\/wp\/v2\/pages\/74\/revisions"}],"predecessor-version":[{"id":77,"href":"http:\/\/www.waldemarstoffel.com\/sv\/wp-json\/wp\/v2\/pages\/74\/revisions\/77"}],"up":[{"embeddable":true,"href":"http:\/\/www.waldemarstoffel.com\/sv\/wp-json\/wp\/v2\/pages\/26"}],"wp:attachment":[{"href":"http:\/\/www.waldemarstoffel.com\/sv\/wp-json\/wp\/v2\/media?parent=74"}],"curies":[{"name":"wp","href":"https:\/\/api.w.org\/{rel}","templated":true}]}}