{"id":83,"date":"2021-04-11T21:59:51","date_gmt":"2021-04-11T18:59:51","guid":{"rendered":"http:\/\/www.waldemarstoffel.com\/sv\/?page_id=83"},"modified":"2021-04-11T23:21:30","modified_gmt":"2021-04-11T20:21:30","slug":"mzlf","status":"publish","type":"page","link":"http:\/\/www.waldemarstoffel.com\/sv\/galleri\/mzlf\/","title":{"rendered":"MZLF"},"content":{"rendered":"\n<div class=\"wp-block-columns is-layout-flex wp-container-core-columns-is-layout-28f84493 wp-block-columns-is-layout-flex\">\n<div class=\"wp-block-column is-layout-flow wp-block-column-is-layout-flow\">\n<figure class=\"wp-block-image size-large has-lightbox\"><img loading=\"lazy\" decoding=\"async\" width=\"1024\" height=\"724\" src=\"http:\/\/www.waldemarstoffel.com\/cms\/uploads\/mzlf_01-1024x724.jpg\" alt=\"\" class=\"wp-image-222\" srcset=\"http:\/\/www.waldemarstoffel.com\/cms\/uploads\/mzlf_01-1024x724.jpg 1024w, http:\/\/www.waldemarstoffel.com\/cms\/uploads\/mzlf_01-300x212.jpg 300w, http:\/\/www.waldemarstoffel.com\/cms\/uploads\/mzlf_01-768x543.jpg 768w, http:\/\/www.waldemarstoffel.com\/cms\/uploads\/mzlf_01.jpg 1114w\" sizes=\"auto, (max-width: 1024px) 100vw, 1024px\" \/><figcaption>Bidrag till utst\u00e4llningen &#8221;Free Martin Zet!&#8221; i Bialystok<\/figcaption><\/figure>\n<\/div>\n\n\n\n<div class=\"wp-block-column is-layout-flow wp-block-column-is-layout-flow\">\n<p style=\"font-size:clamp(14px, 0.875rem + ((1vw - 3.2px) * 0.455), 18px);px\">MZLF (Martin Zet Liberation Front) grundades 2003 av den \u00e4rade generalen H\u00f2-Xing W\u00e2, eftersom kampen f\u00f6r friheten av Martin Zet p\u00e5gick i \u00e5ratal utan framg\u00e5ng. I ett huvudtal slog general H\u00f2 fast att &#8221;<em>d\u00e4r kampen f\u00f6r frihet inte kan f\u00f6ras med lagliga medel, \u00e4r det n\u00f6dv\u00e4ndigt att g\u00e5 till underjorden.<\/em>&#8221;<\/p>\n\n\n\n<p style=\"font-size:clamp(14px, 0.875rem + ((1vw - 3.2px) * 0.455), 18px);px\">P\u00e5 bilden ses general H\u00f2 under en demonstration av MZLF: s makt.<\/p>\n<\/div>\n<\/div>\n\n\n\n<p><\/p>\n","protected":false},"excerpt":{"rendered":"<p>MZLF (Martin Zet Liberation Front) grundades 2003 av den \u00e4rade generalen H\u00f2-Xing W\u00e2, eftersom kampen f\u00f6r friheten av Martin Zet p\u00e5gick i \u00e5ratal utan framg\u00e5ng. I ett huvudtal slog general H\u00f2 fast att &#8221;d\u00e4r kampen f\u00f6r frihet inte kan f\u00f6ras med lagliga medel, \u00e4r det n\u00f6dv\u00e4ndigt att g\u00e5 till underjorden.&#8221; P\u00e5 bilden ses general H\u00f2 [&hellip;]<\/p>\n","protected":false},"author":8966,"featured_media":0,"parent":26,"menu_order":14,"comment_status":"closed","ping_status":"closed","template":"","meta":{"_coblocks_attr":"","_coblocks_dimensions":"","_coblocks_responsive_height":"","_coblocks_accordion_ie_support":"","footnotes":""},"class_list":["post-83","page","type-page","status-publish","hentry"],"_links":{"self":[{"href":"http:\/\/www.waldemarstoffel.com\/sv\/wp-json\/wp\/v2\/pages\/83","targetHints":{"allow":["GET"]}}],"collection":[{"href":"http:\/\/www.waldemarstoffel.com\/sv\/wp-json\/wp\/v2\/pages"}],"about":[{"href":"http:\/\/www.waldemarstoffel.com\/sv\/wp-json\/wp\/v2\/types\/page"}],"author":[{"embeddable":true,"href":"http:\/\/www.waldemarstoffel.com\/sv\/wp-json\/wp\/v2\/users\/8966"}],"replies":[{"embeddable":true,"href":"http:\/\/www.waldemarstoffel.com\/sv\/wp-json\/wp\/v2\/comments?post=83"}],"version-history":[{"count":3,"href":"http:\/\/www.waldemarstoffel.com\/sv\/wp-json\/wp\/v2\/pages\/83\/revisions"}],"predecessor-version":[{"id":86,"href":"http:\/\/www.waldemarstoffel.com\/sv\/wp-json\/wp\/v2\/pages\/83\/revisions\/86"}],"up":[{"embeddable":true,"href":"http:\/\/www.waldemarstoffel.com\/sv\/wp-json\/wp\/v2\/pages\/26"}],"wp:attachment":[{"href":"http:\/\/www.waldemarstoffel.com\/sv\/wp-json\/wp\/v2\/media?parent=83"}],"curies":[{"name":"wp","href":"https:\/\/api.w.org\/{rel}","templated":true}]}}